{"id":1901,"date":"2025-05-26T18:17:58","date_gmt":"2025-05-26T18:17:58","guid":{"rendered":"https:\/\/lightgreen-wolverine-597643.hostingersite.com\/?page_id=1901"},"modified":"2025-06-12T01:22:56","modified_gmt":"2025-06-12T01:22:56","slug":"training","status":"publish","type":"page","link":"https:\/\/montrealmodelketaminetherapy.com\/fr\/training\/","title":{"rendered":"Entra\u00eenement"},"content":{"rendered":"<div data-elementor-type=\"wp-page\" data-elementor-id=\"1901\" class=\"elementor elementor-1901\">\n\t\t\t\t<div class=\"elementor-element elementor-element-6380b22 e-flex e-con-boxed e-con e-parent\" data-id=\"6380b22\" data-element_type=\"container\">\n\t\t\t\t\t<div class=\"e-con-inner\">\n\t\t\t\t<div class=\"elementor-element elementor-element-b398124 elementor-widget elementor-widget-heading\" data-id=\"b398124\" data-element_type=\"widget\" data-widget_type=\"heading.default\">\n\t\t\t\t<div class=\"elementor-widget-container\">\n\t\t\t\t\t<h2 class=\"elementor-heading-title elementor-size-default\">Entra\u00eenement<\/h2>\t\t\t\t<\/div>\n\t\t\t\t<\/div>\n\t\t\t\t<div class=\"elementor-element elementor-element-6a94834 elementor-widget-divider--view-line elementor-widget elementor-widget-divider\" data-id=\"6a94834\" data-element_type=\"widget\" data-widget_type=\"divider.default\">\n\t\t\t\t<div class=\"elementor-widget-container\">\n\t\t\t\t\t\t\t<div class=\"elementor-divider\">\n\t\t\t<span class=\"elementor-divider-separator\">\n\t\t\t\t\t\t<\/span>\n\t\t<\/div>\n\t\t\t\t\t\t<\/div>\n\t\t\t\t<\/div>\n\t\t<div class=\"elementor-element elementor-element-56b9e71 e-con-full e-flex e-con e-child\" data-id=\"56b9e71\" data-element_type=\"container\">\n\t\t\t\t<div class=\"elementor-element elementor-element-6ed52ea elementor-widget elementor-widget-heading\" data-id=\"6ed52ea\" data-element_type=\"widget\" data-widget_type=\"heading.default\">\n\t\t\t\t<div class=\"elementor-widget-container\">\n\t\t\t\t\t<h2 class=\"elementor-heading-title elementor-size-default\">Atelier du Mod\u00e8le de Montr\u00e9al!<\/h2>\t\t\t\t<\/div>\n\t\t\t\t<\/div>\n\t\t<div class=\"elementor-element elementor-element-10b64b1 e-con-full e-flex e-con e-child\" data-id=\"10b64b1\" data-element_type=\"container\">\n\t\t\t\t<div class=\"elementor-element elementor-element-8515deb elementor-widget__width-initial elementor-widget elementor-widget-image\" data-id=\"8515deb\" data-element_type=\"widget\" data-widget_type=\"image.default\">\n\t\t\t\t<div class=\"elementor-widget-container\">\n\t\t\t\t\t\t\t\t\t\t\t\t\t\t\t<img fetchpriority=\"high\" decoding=\"async\" width=\"1024\" height=\"768\" src=\"https:\/\/montrealmodelketaminetherapy.com\/wp-content\/uploads\/2025\/06\/IMG_0498-1024x768.jpg\" class=\"attachment-large size-large wp-image-2281\" alt=\"\" srcset=\"https:\/\/montrealmodelketaminetherapy.com\/wp-content\/uploads\/2025\/06\/IMG_0498-1024x768.jpg 1024w, https:\/\/montrealmodelketaminetherapy.com\/wp-content\/uploads\/2025\/06\/IMG_0498-300x225.jpg 300w, https:\/\/montrealmodelketaminetherapy.com\/wp-content\/uploads\/2025\/06\/IMG_0498-768x576.jpg 768w, https:\/\/montrealmodelketaminetherapy.com\/wp-content\/uploads\/2025\/06\/IMG_0498-1536x1152.jpg 1536w, https:\/\/montrealmodelketaminetherapy.com\/wp-content\/uploads\/2025\/06\/IMG_0498-2048x1536.jpg 2048w, https:\/\/montrealmodelketaminetherapy.com\/wp-content\/uploads\/2025\/06\/IMG_0498-16x12.jpg 16w\" sizes=\"(max-width: 1024px) 100vw, 1024px\" \/>\t\t\t\t\t\t\t\t\t\t\t\t\t\t\t<\/div>\n\t\t\t\t<\/div>\n\t\t\t\t<div class=\"elementor-element elementor-element-3fc99b2 elementor-widget elementor-widget-text-editor\" data-id=\"3fc99b2\" data-element_type=\"widget\" data-widget_type=\"text-editor.default\">\n\t\t\t\t<div class=\"elementor-widget-container\">\n\t\t\t\t\t\t\t\t\t<p>Les 29 et 30 mai 2025, nous avons organis\u00e9 le premier atelier de deux jours sur le Mod\u00e8le de Montr\u00e9al de traitement \u00e0 la k\u00e9tamine pour la d\u00e9pression r\u00e9sistante aux traitements. R\u00e9unissant 80 professionnels de la sant\u00e9 de toutes disciplines et du monde entier \u2013 dont des m\u00e9decins, des psychologues, des infirmi\u00e8res et des chercheurs \u2013, cet \u00e9v\u00e9nement visait \u00e0 partager les origines, la philosophie et la structure pratique du mod\u00e8le. Fort de pr\u00e8s d'une d\u00e9cennie d'exp\u00e9rience en sant\u00e9 publique, l'atelier a permis d'explorer en profondeur chaque phase de notre protocole int\u00e9gratif, de l'\u00e9valuation et de la pr\u00e9paration aux s\u00e9ances de dosage, en passant par la s\u00e9lection musicale et l'int\u00e9gration. Les participants ont d\u00e9couvert non seulement les fondements scientifiques et la justification clinique du mod\u00e8le, mais aussi les enseignements tir\u00e9s de son application \u00e0 des populations de patients complexes et r\u00e9elles.<\/p>\t\t\t\t\t\t\t\t<\/div>\n\t\t\t\t<\/div>\n\t\t\t\t<\/div>\n\t\t\t\t<\/div>\n\t\t<div class=\"elementor-element elementor-element-c1f962b e-con-full e-flex e-con e-child\" data-id=\"c1f962b\" data-element_type=\"container\">\n\t\t\t\t<div class=\"elementor-element elementor-element-08ecbc6 elementor-widget__width-initial elementor-widget elementor-widget-image\" data-id=\"08ecbc6\" data-element_type=\"widget\" data-widget_type=\"image.default\">\n\t\t\t\t<div class=\"elementor-widget-container\">\n\t\t\t\t\t\t\t\t\t\t\t\t\t\t\t<img decoding=\"async\" width=\"1024\" height=\"683\" src=\"https:\/\/montrealmodelketaminetherapy.com\/wp-content\/uploads\/2025\/06\/Montreal-Model-Extravaganza-2025-06-10-10_21_43-1-1024x683.jpeg\" class=\"attachment-large size-large wp-image-2282\" alt=\"\" srcset=\"https:\/\/montrealmodelketaminetherapy.com\/wp-content\/uploads\/2025\/06\/Montreal-Model-Extravaganza-2025-06-10-10_21_43-1-1024x683.jpeg 1024w, https:\/\/montrealmodelketaminetherapy.com\/wp-content\/uploads\/2025\/06\/Montreal-Model-Extravaganza-2025-06-10-10_21_43-1-300x200.jpeg 300w, https:\/\/montrealmodelketaminetherapy.com\/wp-content\/uploads\/2025\/06\/Montreal-Model-Extravaganza-2025-06-10-10_21_43-1-768x512.jpeg 768w, https:\/\/montrealmodelketaminetherapy.com\/wp-content\/uploads\/2025\/06\/Montreal-Model-Extravaganza-2025-06-10-10_21_43-1-1536x1024.jpeg 1536w, https:\/\/montrealmodelketaminetherapy.com\/wp-content\/uploads\/2025\/06\/Montreal-Model-Extravaganza-2025-06-10-10_21_43-1-18x12.jpeg 18w, https:\/\/montrealmodelketaminetherapy.com\/wp-content\/uploads\/2025\/06\/Montreal-Model-Extravaganza-2025-06-10-10_21_43-1.jpeg 1620w\" sizes=\"(max-width: 1024px) 100vw, 1024px\" \/>\t\t\t\t\t\t\t\t\t\t\t\t\t\t\t<\/div>\n\t\t\t\t<\/div>\n\t\t\t\t<div class=\"elementor-element elementor-element-2d24c0c elementor-widget__width-initial elementor-widget elementor-widget-text-editor\" data-id=\"2d24c0c\" data-element_type=\"widget\" data-widget_type=\"text-editor.default\">\n\t\t\t\t<div class=\"elementor-widget-container\">\n\t\t\t\t\t\t\t\t\t<p>Un grand merci \u00e0 notre incroyable \u00e9quipe de b\u00e9n\u00e9voles dont le d\u00e9vouement a rendu l\u2019atelier possible, ainsi qu\u2019\u00e0 tous les participants qui nous ont rejoints et lui ont donn\u00e9 vie.<\/p>\t\t\t\t\t\t\t\t<\/div>\n\t\t\t\t<\/div>\n\t\t\t\t<\/div>\n\t\t\t\t<div class=\"elementor-element elementor-element-b5de392 elementor-widget-divider--view-line elementor-widget elementor-widget-divider\" data-id=\"b5de392\" data-element_type=\"widget\" data-widget_type=\"divider.default\">\n\t\t\t\t<div class=\"elementor-widget-container\">\n\t\t\t\t\t\t\t<div class=\"elementor-divider\">\n\t\t\t<span class=\"elementor-divider-separator\">\n\t\t\t\t\t\t<\/span>\n\t\t<\/div>\n\t\t\t\t\t\t<\/div>\n\t\t\t\t<\/div>\n\t\t\t\t\t<\/div>\n\t\t\t\t<\/div>\n\t\t<div class=\"elementor-element elementor-element-5f54132 e-flex e-con-boxed e-con e-parent\" data-id=\"5f54132\" data-element_type=\"container\">\n\t\t\t\t\t<div class=\"e-con-inner\">\n\t\t\t\t<div class=\"elementor-element elementor-element-7f8aa0f elementor-widget elementor-widget-heading\" data-id=\"7f8aa0f\" data-element_type=\"widget\" data-widget_type=\"heading.default\">\n\t\t\t\t<div class=\"elementor-widget-container\">\n\t\t\t\t\t<h2 class=\"elementor-heading-title elementor-size-default\">Formations \u00e0 venir<\/h2>\t\t\t\t<\/div>\n\t\t\t\t<\/div>\n\t\t\t\t<div class=\"elementor-element elementor-element-7b504d4 elementor-widget elementor-widget-text-editor\" data-id=\"7b504d4\" data-element_type=\"widget\" data-widget_type=\"text-editor.default\">\n\t\t\t\t<div class=\"elementor-widget-container\">\n\t\t\t\t\t\t\t\t\t<p><strong data-start=\"52\" data-end=\"158\">Restez \u00e0 l\u2019\u00e9coute : nous sommes ravis de lancer des formations semestrielles et des cycles ECHO mensuels dans un avenir proche.<\/strong><\/p><p><br data-start=\"158\" data-end=\"161\" \/>Revenez ici r\u00e9guli\u00e8rement pour les derni\u00e8res mises \u00e0 jour sur les opportunit\u00e9s de formation \u00e0 venir et comment vous impliquer.<\/p>\t\t\t\t\t\t\t\t<\/div>\n\t\t\t\t<\/div>\n\t\t\t\t\t<\/div>\n\t\t\t\t<\/div>\n\t\t\t\t<\/div>","protected":false},"excerpt":{"rendered":"<p>Training Montreal Model Workshop! On May 29th and 30th, 2025, we hosted the inaugural two-day workshop on the Montreal Model of ketamine therapy for treatment-resistant depression. Bringing together 80 healthcare professionals from across disciplines and around the world\u2014including physicians, psychologists, nurses, and researchers\u2014the event was designed to share the origins, philosophy, and practical structure of [&hellip;]<\/p>","protected":false},"author":1,"featured_media":0,"parent":0,"menu_order":0,"comment_status":"closed","ping_status":"closed","template":"","meta":{"site-sidebar-layout":"no-sidebar","site-content-layout":"page-builder","ast-site-content-layout":"full-width-container","site-content-style":"default","site-sidebar-style":"default","ast-global-header-display":"","ast-banner-title-visibility":"","ast-main-header-display":"","ast-hfb-above-header-display":"","ast-hfb-below-header-display":"","ast-hfb-mobile-header-display":"","site-post-title":"disabled","ast-breadcrumbs-content":"","ast-featured-img":"disabled","footer-sml-layout":"","theme-transparent-header-meta":"","adv-header-id-meta":"","stick-header-meta":"","header-above-stick-meta":"","header-main-stick-meta":"","header-below-stick-meta":"","astra-migrate-meta-layouts":"set","ast-page-background-enabled":"default","ast-page-background-meta":{"desktop":{"background-color":"var(--ast-global-color-4)","background-image":"","background-repeat":"repeat","background-position":"center center","background-size":"auto","background-attachment":"scroll","background-type":"","background-media":"","overlay-type":"","overlay-color":"","overlay-opacity":"","overlay-gradient":""},"tablet":{"background-color":"","background-image":"","background-repeat":"repeat","background-position":"center center","background-size":"auto","background-attachment":"scroll","background-type":"","background-media":"","overlay-type":"","overlay-color":"","overlay-opacity":"","overlay-gradient":""},"mobile":{"background-color":"","background-image":"","background-repeat":"repeat","background-position":"center center","background-size":"auto","background-attachment":"scroll","background-type":"","background-media":"","overlay-type":"","overlay-color":"","overlay-opacity":"","overlay-gradient":""}},"ast-content-background-meta":{"desktop":{"background-color":"var(--ast-global-color-5)","background-image":"","background-repeat":"repeat","background-position":"center center","background-size":"auto","background-attachment":"scroll","background-type":"","background-media":"","overlay-type":"","overlay-color":"","overlay-opacity":"","overlay-gradient":""},"tablet":{"background-color":"var(--ast-global-color-5)","background-image":"","background-repeat":"repeat","background-position":"center center","background-size":"auto","background-attachment":"scroll","background-type":"","background-media":"","overlay-type":"","overlay-color":"","overlay-opacity":"","overlay-gradient":""},"mobile":{"background-color":"var(--ast-global-color-5)","background-image":"","background-repeat":"repeat","background-position":"center center","background-size":"auto","background-attachment":"scroll","background-type":"","background-media":"","overlay-type":"","overlay-color":"","overlay-opacity":"","overlay-gradient":""}},"footnotes":""},"class_list":["post-1901","page","type-page","status-publish","hentry"],"_links":{"self":[{"href":"https:\/\/montrealmodelketaminetherapy.com\/fr\/wp-json\/wp\/v2\/pages\/1901","targetHints":{"allow":["GET"]}}],"collection":[{"href":"https:\/\/montrealmodelketaminetherapy.com\/fr\/wp-json\/wp\/v2\/pages"}],"about":[{"href":"https:\/\/montrealmodelketaminetherapy.com\/fr\/wp-json\/wp\/v2\/types\/page"}],"author":[{"embeddable":true,"href":"https:\/\/montrealmodelketaminetherapy.com\/fr\/wp-json\/wp\/v2\/users\/1"}],"replies":[{"embeddable":true,"href":"https:\/\/montrealmodelketaminetherapy.com\/fr\/wp-json\/wp\/v2\/comments?post=1901"}],"version-history":[{"count":40,"href":"https:\/\/montrealmodelketaminetherapy.com\/fr\/wp-json\/wp\/v2\/pages\/1901\/revisions"}],"predecessor-version":[{"id":2325,"href":"https:\/\/montrealmodelketaminetherapy.com\/fr\/wp-json\/wp\/v2\/pages\/1901\/revisions\/2325"}],"wp:attachment":[{"href":"https:\/\/montrealmodelketaminetherapy.com\/fr\/wp-json\/wp\/v2\/media?parent=1901"}],"curies":[{"name":"wp","href":"https:\/\/api.w.org\/{rel}","templated":true}]}}