{"id":1896,"date":"2025-05-26T18:17:26","date_gmt":"2025-05-26T18:17:26","guid":{"rendered":"https:\/\/lightgreen-wolverine-597643.hostingersite.com\/?page_id=1896"},"modified":"2025-06-25T17:05:34","modified_gmt":"2025-06-25T17:05:34","slug":"music","status":"publish","type":"page","link":"https:\/\/montrealmodelketaminetherapy.com\/fr\/music\/","title":{"rendered":"Musique"},"content":{"rendered":"<div data-elementor-type=\"wp-page\" data-elementor-id=\"1896\" class=\"elementor elementor-1896\">\n\t\t\t\t<div class=\"elementor-element elementor-element-0647e08 e-flex e-con-boxed e-con e-parent\" data-id=\"0647e08\" data-element_type=\"container\">\n\t\t\t\t\t<div class=\"e-con-inner\">\n\t\t\t\t\t<\/div>\n\t\t\t\t<\/div>\n\t\t<div class=\"elementor-element elementor-element-aa23811 e-flex e-con-boxed e-con e-parent\" data-id=\"aa23811\" data-element_type=\"container\" data-settings=\"{&quot;background_background&quot;:&quot;classic&quot;}\">\n\t\t\t\t\t<div class=\"e-con-inner\">\n\t\t\t\t<div class=\"elementor-element elementor-element-7f04d41 elementor-widget elementor-widget-heading\" data-id=\"7f04d41\" data-element_type=\"widget\" data-widget_type=\"heading.default\">\n\t\t\t\t<div class=\"elementor-widget-container\">\n\t\t\t\t\t<h2 class=\"elementor-heading-title elementor-size-default\">La Musique dans la Th\u00e9rapie Psych\u00e9d\u00e9lique<\/h2>\t\t\t\t<\/div>\n\t\t\t\t<\/div>\n\t\t<div class=\"elementor-element elementor-element-c21fc39 e-con-full e-flex e-con e-child\" data-id=\"c21fc39\" data-element_type=\"container\" data-settings=\"{&quot;background_background&quot;:&quot;classic&quot;}\">\n\t\t\t\t<div class=\"elementor-element elementor-element-ce0c539 elementor-widget elementor-widget-text-editor\" data-id=\"ce0c539\" data-element_type=\"widget\" data-widget_type=\"text-editor.default\">\n\t\t\t\t<div class=\"elementor-widget-container\">\n\t\t\t\t\t\t\t\t\t<p class=\"translation-block\">La musique est une composante quasi universelle des th\u00e9rapies psych\u00e9d\u00e9liques depuis leur d\u00e9veloppement au milieu du 20e si\u00e8cle. Elle est \u00e9galement souvent au c\u0153ur du mod\u00e8le montr\u00e9alais de k\u00e9tamine et a \u00e9t\u00e9 \u00e9tudi\u00e9e dans le cadre de notre r\u00e9cent essai clinique randomis\u00e9\u00a0: l'essai MUSIK (Music for Subanesthetic Infusions of Ketamine).<\/p><p>\u00a0<\/p><p>Cet essai a compar\u00e9 des playlists musicales soigneusement \u00e9labor\u00e9es \u00e0 une forme de soutien non musical similaire, ax\u00e9e sur la pleine conscience guid\u00e9e et le dialogue actif. L'essai MUSIK a r\u00e9v\u00e9l\u00e9 que la musique permettait de r\u00e9duire efficacement l'augmentation de la tension art\u00e9rielle associ\u00e9e \u00e0 la k\u00e9tamine, mais que les deux approches pr\u00e9sentaient globalement une efficacit\u00e9 similaire, en termes de bienfaits psychiatriques et de types d'exp\u00e9riences psych\u00e9d\u00e9liques.<\/p><p>\u00a0<\/p><p>Cependant, les approches musicales et non musicales d\u00e9velopp\u00e9es dans l\u2019essai MUSIK peuvent avoir des effets tr\u00e8s sp\u00e9cifiques \u00e0 chaque personne, chacune offrant des avantages et des inconv\u00e9nients uniques, comme d\u00e9crit et compar\u00e9 ci-dessous.<\/p>\t\t\t\t\t\t\t\t<\/div>\n\t\t\t\t<\/div>\n\t\t\t\t<\/div>\n\t\t\t\t\t<\/div>\n\t\t\t\t<\/div>\n\t\t<div class=\"elementor-element elementor-element-f2f0a34 e-flex e-con-boxed e-con e-parent\" data-id=\"f2f0a34\" data-element_type=\"container\">\n\t\t\t\t\t<div class=\"e-con-inner\">\n\t\t\t\t<div class=\"elementor-element elementor-element-39fee56 elementor-widget elementor-widget-heading\" data-id=\"39fee56\" data-element_type=\"widget\" data-widget_type=\"heading.default\">\n\t\t\t\t<div class=\"elementor-widget-container\">\n\t\t\t\t\t<h2 class=\"elementor-heading-title elementor-size-default\">La Musique dans le Mod\u00e8le de Montr\u00e9al<\/h2>\t\t\t\t<\/div>\n\t\t\t\t<\/div>\n\t\t\t\t<div class=\"elementor-element elementor-element-c01d8a8 elementor-widget elementor-widget-text-editor\" data-id=\"c01d8a8\" data-element_type=\"widget\" data-widget_type=\"text-editor.default\">\n\t\t\t\t<div class=\"elementor-widget-container\">\n\t\t\t\t\t\t\t\t\t<p>Lorsque la musique est incorpor\u00e9e au mod\u00e8le, elle suit une structure sp\u00e9cifique :<\/p><ul><li>Une s\u00e9lection musicale de 50 \u00e0 60 minutes diffus\u00e9e via des \u00e9couteurs et des haut-parleurs apr\u00e8s le d\u00e9but de la perfusion de k\u00e9tamine ou l'injection intramusculaire de k\u00e9tamine.<\/li><li>Les patients choisissent parmi diff\u00e9rentes listes de lecture organis\u00e9es au d\u00e9but de chaque s\u00e9ance de traitement<\/li><li>Les playlists musicales s\u00e9lectionn\u00e9es suivent un format coh\u00e9rent : elles commencent par des compositions apaisantes, augmentent progressivement en intensit\u00e9 apr\u00e8s 10 \u00e0 15 minutes et se terminent par une musique apaisante pendant les 20 derni\u00e8res minutes.<\/li><li>En g\u00e9n\u00e9ral, il y a peu de discussions avec les th\u00e9rapeutes pendant que la musique joue, m\u00eame si elle peut toujours \u00eatre arr\u00eat\u00e9e ou retir\u00e9e des \u00e9couteurs.<\/li><li>Apr\u00e8s la s\u00e9ance de traitement, les patients re\u00e7oivent la playlist \u00e0 r\u00e9\u00e9couter pendant les p\u00e9riodes d'int\u00e9gration<\/li><\/ul>\t\t\t\t\t\t\t\t<\/div>\n\t\t\t\t<\/div>\n\t\t\t\t\t<\/div>\n\t\t\t\t<\/div>\n\t\t<div class=\"elementor-element elementor-element-eedff8a e-flex e-con-boxed e-con e-parent\" data-id=\"eedff8a\" data-element_type=\"container\">\n\t\t\t\t\t<div class=\"e-con-inner\">\n\t\t<div class=\"elementor-element elementor-element-f40d7ba e-con-full e-flex e-con e-child\" data-id=\"f40d7ba\" data-element_type=\"container\">\n\t\t\t\t<div class=\"elementor-element elementor-element-936d3b5 elementor-widget elementor-widget-heading\" data-id=\"936d3b5\" data-element_type=\"widget\" data-widget_type=\"heading.default\">\n\t\t\t\t<div class=\"elementor-widget-container\">\n\t\t\t\t\t<h2 class=\"elementor-heading-title elementor-size-default\">Approches Non Musicales dans le Mod\u00e8le de Montr\u00e9al<\/h2>\t\t\t\t<\/div>\n\t\t\t\t<\/div>\n\t\t\t\t<div class=\"elementor-element elementor-element-d8c2817 elementor-widget elementor-widget-text-editor\" data-id=\"d8c2817\" data-element_type=\"widget\" data-widget_type=\"text-editor.default\">\n\t\t\t\t<div class=\"elementor-widget-container\">\n\t\t\t\t\t\t\t\t\t<p>La variante non musicale du Mod\u00e8le de Montr\u00e9al conserve tous les autres \u00e9l\u00e9ments th\u00e9rapeutiques tout en rempla\u00e7ant la musique par des interventions de soutien alternatives :<\/p><ul><li>Les patients re\u00e7oivent des encouragements doux pour s'engager dans des pratiques de pleine conscience telles que le balayage corporel et la conscience de la respiration<\/li><li>Les cliniciens favorisent la relaxation et la curiosit\u00e9 \u00e0 propos de l'exp\u00e9rience de la k\u00e9tamine gr\u00e2ce \u00e0 des conseils verbaux<\/li><li>Les patients peuvent rester silencieux ou discuter de leurs exp\u00e9riences avec le personnel clinique pendant les traitements<\/li><\/ul>\t\t\t\t\t\t\t\t<\/div>\n\t\t\t\t<\/div>\n\t\t\t\t<\/div>\n\t\t\t\t\t<\/div>\n\t\t\t\t<\/div>\n\t\t<div class=\"elementor-element elementor-element-40f9646 e-flex e-con-boxed e-con e-parent\" data-id=\"40f9646\" data-element_type=\"container\" data-settings=\"{&quot;background_background&quot;:&quot;classic&quot;}\">\n\t\t\t\t\t<div class=\"e-con-inner\">\n\t\t<div class=\"elementor-element elementor-element-c4eb963 e-con-full e-flex e-con e-child\" data-id=\"c4eb963\" data-element_type=\"container\" data-settings=\"{&quot;background_background&quot;:&quot;classic&quot;}\">\n\t\t<div class=\"elementor-element elementor-element-7e12da4 e-con-full e-flex e-con e-child\" data-id=\"7e12da4\" data-element_type=\"container\">\n\t\t\t\t<div class=\"elementor-element elementor-element-533f71d elementor-widget elementor-widget-heading\" data-id=\"533f71d\" data-element_type=\"widget\" data-widget_type=\"heading.default\">\n\t\t\t\t<div class=\"elementor-widget-container\">\n\t\t\t\t\t<h2 class=\"elementor-heading-title elementor-size-default\">Avantages et Inconv\u00e9nients Comparatifs<\/h2>\t\t\t\t<\/div>\n\t\t\t\t<\/div>\n\t\t<div class=\"elementor-element elementor-element-fe175a0 e-con-full e-flex e-con e-child\" data-id=\"fe175a0\" data-element_type=\"container\">\n\t\t\t\t<div class=\"elementor-element elementor-element-301b8b6 elementor-widget elementor-widget-heading\" data-id=\"301b8b6\" data-element_type=\"widget\" data-widget_type=\"heading.default\">\n\t\t\t\t<div class=\"elementor-widget-container\">\n\t\t\t\t\t<h2 class=\"elementor-heading-title elementor-size-default\">Avantages de la musique<\/h2>\t\t\t\t<\/div>\n\t\t\t\t<\/div>\n\t\t\t\t<div class=\"elementor-element elementor-element-b143593 elementor-widget elementor-widget-text-editor\" data-id=\"b143593\" data-element_type=\"widget\" data-widget_type=\"text-editor.default\">\n\t\t\t\t<div class=\"elementor-widget-container\">\n\t\t\t\t\t\t\t\t\t<ul><li>Avantages h\u00e9modynamiques : l'essai MUSIK a r\u00e9v\u00e9l\u00e9 que la musique r\u00e9duit consid\u00e9rablement les augmentations de la pression art\u00e9rielle systolique induites par la k\u00e9tamine, am\u00e9liorant ainsi la tol\u00e9rance cardiovasculaire<\/li><li>Outil d'int\u00e9gration : les patients peuvent revisiter les listes de lecture apr\u00e8s le traitement pour les aider \u00e0 se souvenir et \u00e0 traiter les \u00e9tats \u00e9motionnels v\u00e9cus pendant les s\u00e9ances<\/li><li>Structure temporelle : La musique fournit un cadre coh\u00e9rent qui guide les patients \u00e0 travers les diff\u00e9rentes phases de l'exp\u00e9rience de la k\u00e9tamine<\/li><\/ul>\t\t\t\t\t\t\t\t<\/div>\n\t\t\t\t<\/div>\n\t\t\t\t<\/div>\n\t\t<div class=\"elementor-element elementor-element-2d0e971 e-con-full e-flex e-con e-child\" data-id=\"2d0e971\" data-element_type=\"container\">\n\t\t\t\t<div class=\"elementor-element elementor-element-d0f7d82 elementor-widget elementor-widget-heading\" data-id=\"d0f7d82\" data-element_type=\"widget\" data-widget_type=\"heading.default\">\n\t\t\t\t<div class=\"elementor-widget-container\">\n\t\t\t\t\t<h2 class=\"elementor-heading-title elementor-size-default\">Inconv\u00e9nients de la musique<\/h2>\t\t\t\t<\/div>\n\t\t\t\t<\/div>\n\t\t\t\t<div class=\"elementor-element elementor-element-969242d elementor-widget elementor-widget-text-editor\" data-id=\"969242d\" data-element_type=\"widget\" data-widget_type=\"text-editor.default\">\n\t\t\t\t<div class=\"elementor-widget-container\">\n\t\t\t\t\t\t\t\t\t<ul><li>Potentiel d'orientation ind\u00e9sirable : D'apr\u00e8s les recherches sur la psilocybine, la musique peut parfois conduire les patients vers des souvenirs ou des exp\u00e9riences difficiles qu'ils n'\u00e9taient pas pr\u00e9par\u00e9s \u00e0 aborder.<\/li><li>Peut limiter l'interaction interpersonnelle : les \u00e9couteurs peuvent cr\u00e9er un obstacle \u00e0 l'engagement direct avec les cliniciens lors des moments critiques<\/li><li>Interf\u00e9rence possible avec la pleine conscience : la musique pourrait potentiellement distraire des exercices de pleine conscience qui font partie de l'approche th\u00e9rapeutique<\/li><\/ul>\t\t\t\t\t\t\t\t<\/div>\n\t\t\t\t<\/div>\n\t\t\t\t<\/div>\n\t\t\t\t<\/div>\n\t\t<div class=\"elementor-element elementor-element-b43f8e4 e-con-full e-flex e-con e-child\" data-id=\"b43f8e4\" data-element_type=\"container\">\n\t\t\t\t<div class=\"elementor-element elementor-element-547caa0 elementor-widget elementor-widget-heading\" data-id=\"547caa0\" data-element_type=\"widget\" data-widget_type=\"heading.default\">\n\t\t\t\t<div class=\"elementor-widget-container\">\n\t\t\t\t\t<h2 class=\"elementor-heading-title elementor-size-default\">Avantages des approches non musicales<\/h2>\t\t\t\t<\/div>\n\t\t\t\t<\/div>\n\t\t\t\t<div class=\"elementor-element elementor-element-887162d elementor-widget elementor-widget-text-editor\" data-id=\"887162d\" data-element_type=\"widget\" data-widget_type=\"text-editor.default\">\n\t\t\t\t<div class=\"elementor-widget-container\">\n\t\t\t\t\t\t\t\t\t<ul><li>Engagement accru dans la pleine conscience : le silence relatif facilite un engagement plus profond dans les pratiques de pleine conscience comme le balayage corporel<\/li><li>Interaction accrue avec le th\u00e9rapeute : sans casque, les patients peuvent interagir plus directement avec les cliniciens pendant l'exp\u00e9rience<\/li><li>Exp\u00e9rience dirig\u00e9e par le patient : sans l\u2019influence directrice de la musique, les patients peuvent avoir plus d\u2019influence sur leur exp\u00e9rience interne<\/li><\/ul>\t\t\t\t\t\t\t\t<\/div>\n\t\t\t\t<\/div>\n\t\t\t\t<\/div>\n\t\t<div class=\"elementor-element elementor-element-bff68cf e-con-full e-flex e-con e-child\" data-id=\"bff68cf\" data-element_type=\"container\">\n\t\t\t\t<div class=\"elementor-element elementor-element-d8fc303 elementor-widget elementor-widget-heading\" data-id=\"d8fc303\" data-element_type=\"widget\" data-widget_type=\"heading.default\">\n\t\t\t\t<div class=\"elementor-widget-container\">\n\t\t\t\t\t<h2 class=\"elementor-heading-title elementor-size-default\">Inconv\u00e9nients des approches non musicales<\/h2>\t\t\t\t<\/div>\n\t\t\t\t<\/div>\n\t\t\t\t<div class=\"elementor-element elementor-element-a011f38 elementor-widget elementor-widget-text-editor\" data-id=\"a011f38\" data-element_type=\"widget\" data-widget_type=\"text-editor.default\">\n\t\t\t\t<div class=\"elementor-widget-container\">\n\t\t\t\t\t\t\t\t\t<ul><li>Inconfort initial : Certains patients peuvent trouver le silence relatif inconfortable ou plus difficile, surtout s'ils ont \u00e9t\u00e9 habitu\u00e9s \u00e0 la musique lors des s\u00e9ances pr\u00e9c\u00e9dentes.<\/li><li>Exp\u00e9rience moins structur\u00e9e : Sans le cadre temporel de la musique, l\u2019exp\u00e9rience peut sembler moins guid\u00e9e<\/li><\/ul><p>\u00a0<\/p>\t\t\t\t\t\t\t\t<\/div>\n\t\t\t\t<\/div>\n\t\t\t\t<\/div>\n\t\t\t\t<\/div>\n\t\t\t\t\t<\/div>\n\t\t\t\t<\/div>\n\t\t<div class=\"elementor-element elementor-element-e0e696d e-flex e-con-boxed e-con e-parent\" data-id=\"e0e696d\" data-element_type=\"container\">\n\t\t\t\t\t<div class=\"e-con-inner\">\n\t\t\t\t<div class=\"elementor-element elementor-element-728559b elementor-widget elementor-widget-heading\" data-id=\"728559b\" data-element_type=\"widget\" data-widget_type=\"heading.default\">\n\t\t\t\t<div class=\"elementor-widget-container\">\n\t\t\t\t\t<h2 class=\"elementor-heading-title elementor-size-default\">R\u00e9sum\u00e9<\/h2>\t\t\t\t<\/div>\n\t\t\t\t<\/div>\n\t\t\t\t<div class=\"elementor-element elementor-element-32e8454 elementor-widget elementor-widget-text-editor\" data-id=\"32e8454\" data-element_type=\"widget\" data-widget_type=\"text-editor.default\">\n\t\t\t\t<div class=\"elementor-widget-container\">\n\t\t\t\t\t\t\t\t\t<p>Le Mod\u00e8le de Montr\u00e9al repr\u00e9sente une approche flexible de la th\u00e9rapie \u00e0 la k\u00e9tamine, qui peut int\u00e9grer efficacement des interventions musicales ou non musicales en fonction des besoins et des pr\u00e9f\u00e9rences de chaque patient. La recherche indique que si la musique offre des avantages sp\u00e9cifiques en termes de tol\u00e9rance h\u00e9modynamique et de structure exp\u00e9rientielle, les approches non musicales offrent des avantages alternatifs gr\u00e2ce \u00e0 une meilleure mobilisation de la pleine conscience et \u00e0 une interaction accrue avec le th\u00e9rapeute. Les r\u00e9sultats cliniques comparables entre les diff\u00e9rentes approches sugg\u00e8rent que les praticiens peuvent adapter la m\u00e9thode \u00e0 chaque patient sans compromettre l'efficacit\u00e9 th\u00e9rapeutique.<\/p>\t\t\t\t\t\t\t\t<\/div>\n\t\t\t\t<\/div>\n\t\t\t\t<div class=\"elementor-element elementor-element-240bd55 elementor-widget-divider--view-line elementor-widget elementor-widget-divider\" data-id=\"240bd55\" data-element_type=\"widget\" data-widget_type=\"divider.default\">\n\t\t\t\t<div class=\"elementor-widget-container\">\n\t\t\t\t\t\t\t<div class=\"elementor-divider\">\n\t\t\t<span class=\"elementor-divider-separator\">\n\t\t\t\t\t\t<\/span>\n\t\t<\/div>\n\t\t\t\t\t\t<\/div>\n\t\t\t\t<\/div>\n\t\t\t\t<div class=\"elementor-element elementor-element-c8ea730 elementor-widget elementor-widget-heading\" data-id=\"c8ea730\" data-element_type=\"widget\" data-widget_type=\"heading.default\">\n\t\t\t\t<div class=\"elementor-widget-container\">\n\t\t\t\t\t<h2 class=\"elementor-heading-title elementor-size-default\">Les Playlists Musicales<\/h2>\t\t\t\t<\/div>\n\t\t\t\t<\/div>\n\t\t\t\t<div class=\"elementor-element elementor-element-b0efeec elementor-widget elementor-widget-text-editor\" data-id=\"b0efeec\" data-element_type=\"widget\" data-widget_type=\"text-editor.default\">\n\t\t\t\t<div class=\"elementor-widget-container\">\n\t\t\t\t\t\t\t\t\t<p>Pour plus de playlists, consultez notre<a href=\"https:\/\/open.spotify.com\/user\/cveosw0gqemcjcsjjsw55dbzz?si=0868844dec304963\"><b> Spotify page!<\/b><\/a><\/p>\t\t\t\t\t\t\t\t<\/div>\n\t\t\t\t<\/div>\n\t\t\t\t\t<\/div>\n\t\t\t\t<\/div>\n\t\t<div class=\"elementor-element elementor-element-c57565e e-grid e-con-boxed e-con e-parent\" data-id=\"c57565e\" data-element_type=\"container\">\n\t\t\t\t\t<div class=\"e-con-inner\">\n\t\t\t\t<div class=\"elementor-element elementor-element-b9f951d elementor-widget elementor-widget-embedpres_elementor\" data-id=\"b9f951d\" data-element_type=\"widget\" data-widget_type=\"embedpres_elementor.default\">\n\t\t\t\t<div class=\"elementor-widget-container\">\n\t\t\t\t\t\n\t\t<div class=\"embedpress-elements-wrapper\" id=\"ep-elements-id-b9f951d\">\n\n\t\t\t\t\t\t\t<div id=\"ep-elementor-content-b9f951d\"\n\t\t\t\t\tclass=\"ep-elementor-content\t\t\t\t\t\t\t\t\t\t  ep-content-protection-disabled\t\t\t\t\tsource-default\">\n\n\t\t\t\t\t<div id=\"b9f951d\"\n\t\t\t\t\t\tclass=\"ep-embed-content-wrapper\t\t\t\t\t\t\t\t\t\t\t\t\t\t\t\t\t\tep-google-photos-\"\n\t\t\t\t\t\t\t\t\t\t\t\t\t\t\t\t\t\t\t\t\t\t\t\t>\n\n\t\t\t\t\t\t<div id=\"ep-elementor-content-b9f951d\"\n\t\t\t\t\t\t\tclass=\"ep-elementor-content\t\t\t\t\t\t\t\t\t\t\t\t\t\t  ep-content-protection-disabled\t\t\t\t\t\t\tsource-default\">\n\n\t\t\t\t\t\t\t<div >\n\t\t\t\t\t\t\t\t<div id=\"b9f951d\"\n\t\t\t\t\t\t\t\t\tclass=\"ep-embed-content-wraper\"\n\t\t\t\t\t\t\t\t\t\t\t\t\t\t\t\t\t\t>\n\n\t\t\t\t\t\t\t\t\t<div class=\"ose-spotify ose-uid-546a876cdbdd9eada5160e48ecfeaf81 ose-embedpress-responsive\" style=\"width:600px; height:550px; max-height:550px; max-width:100%; display:inline-block;\"><iframe allowfullscreen title=\"Spotify Embed: Playlist 1 -- Classical\" style=\"border-radius: 12px\" width=\"100%\" height=\"550\" frameborder=\"0\" allow =\"encrypted-media;accelerometer;autoplay;clipboard-write;gyroscope;picture-in-picture clipboard-write; encrypted-media; fullscreen; picture-in-picture\" loading=\"lazy\" src=\"https:\/\/open.spotify.com\/embed\/playlist\/5yjHnx0IJCmMJ5U4akxef4?si=wTa_WYHAQW6Uow0YQHXvxg&amp;utm_source=oembed\"><\/iframe><\/div>\t\t\t\t\t\t\t\t<\/div>\n\n\t\t\t\t\t\t\t\t\n\t\t\t\t\t\t\t<\/div>\n\t\t\t\t\t\t<\/div>\n\t\t\t\t\t<\/div>\n\t\t\t\t<\/div>\n\n\t\t\t\n\t\t<\/div>\n\n\n\t\t\n\t\t\t\t<\/div>\n\t\t\t\t<\/div>\n\t\t\t\t<div class=\"elementor-element elementor-element-d773603 elementor-widget elementor-widget-embedpres_elementor\" data-id=\"d773603\" data-element_type=\"widget\" data-widget_type=\"embedpres_elementor.default\">\n\t\t\t\t<div class=\"elementor-widget-container\">\n\t\t\t\t\t\n\t\t<div class=\"embedpress-elements-wrapper\" id=\"ep-elements-id-d773603\">\n\n\t\t\t\t\t\t\t<div id=\"ep-elementor-content-d773603\"\n\t\t\t\t\tclass=\"ep-elementor-content\t\t\t\t\t\t\t\t\t\t  ep-content-protection-disabled\t\t\t\t\tsource-default\">\n\n\t\t\t\t\t<div id=\"d773603\"\n\t\t\t\t\t\tclass=\"ep-embed-content-wrapper\t\t\t\t\t\t\t\t\t\t\t\t\t\t\t\t\t\tep-google-photos-\"\n\t\t\t\t\t\t\t\t\t\t\t\t\t\t\t\t\t\t\t\t\t\t\t\t>\n\n\t\t\t\t\t\t<div id=\"ep-elementor-content-d773603\"\n\t\t\t\t\t\t\tclass=\"ep-elementor-content\t\t\t\t\t\t\t\t\t\t\t\t\t\t  ep-content-protection-disabled\t\t\t\t\t\t\tsource-default\">\n\n\t\t\t\t\t\t\t<div >\n\t\t\t\t\t\t\t\t<div id=\"d773603\"\n\t\t\t\t\t\t\t\t\tclass=\"ep-embed-content-wraper\"\n\t\t\t\t\t\t\t\t\t\t\t\t\t\t\t\t\t\t>\n\n\t\t\t\t\t\t\t\t\t<div class=\"ose-spotify ose-uid-62beb5327ac95b6441d880e285f0cba2 ose-embedpress-responsive\" style=\"width:600px; height:550px; max-height:550px; max-width:100%; display:inline-block;\"><iframe allowfullscreen title=\"Spotify Embed: Playlist 2 -- Ambient\" style=\"border-radius: 12px\" width=\"100%\" height=\"550\" frameborder=\"0\" allow =\"encrypted-media;accelerometer;autoplay;clipboard-write;gyroscope;picture-in-picture clipboard-write; encrypted-media; fullscreen; picture-in-picture\" loading=\"lazy\" src=\"https:\/\/open.spotify.com\/embed\/playlist\/0BMApP3v6iABjHjvaQJA0K?si=AUku-kMRTGSCib5Sd8aHsA&amp;utm_source=oembed\"><\/iframe><\/div>\t\t\t\t\t\t\t\t<\/div>\n\n\t\t\t\t\t\t\t\t\n\t\t\t\t\t\t\t<\/div>\n\t\t\t\t\t\t<\/div>\n\t\t\t\t\t<\/div>\n\t\t\t\t<\/div>\n\n\t\t\t\n\t\t<\/div>\n\n\n\t\t\n\t\t\t\t<\/div>\n\t\t\t\t<\/div>\n\t\t\t\t<div class=\"elementor-element elementor-element-9875410 elementor-widget elementor-widget-embedpres_elementor\" data-id=\"9875410\" data-element_type=\"widget\" data-widget_type=\"embedpres_elementor.default\">\n\t\t\t\t<div class=\"elementor-widget-container\">\n\t\t\t\t\t\n\t\t<div class=\"embedpress-elements-wrapper\" id=\"ep-elements-id-9875410\">\n\n\t\t\t\t\t\t\t<div id=\"ep-elementor-content-9875410\"\n\t\t\t\t\tclass=\"ep-elementor-content\t\t\t\t\t\t\t\t\t\t  ep-content-protection-disabled\t\t\t\t\tsource-default\">\n\n\t\t\t\t\t<div id=\"9875410\"\n\t\t\t\t\t\tclass=\"ep-embed-content-wrapper\t\t\t\t\t\t\t\t\t\t\t\t\t\t\t\t\t\tep-google-photos-\"\n\t\t\t\t\t\t\t\t\t\t\t\t\t\t\t\t\t\t\t\t\t\t\t\t>\n\n\t\t\t\t\t\t<div id=\"ep-elementor-content-9875410\"\n\t\t\t\t\t\t\tclass=\"ep-elementor-content\t\t\t\t\t\t\t\t\t\t\t\t\t\t  ep-content-protection-disabled\t\t\t\t\t\t\tsource-default\">\n\n\t\t\t\t\t\t\t<div >\n\t\t\t\t\t\t\t\t<div id=\"9875410\"\n\t\t\t\t\t\t\t\t\tclass=\"ep-embed-content-wraper\"\n\t\t\t\t\t\t\t\t\t\t\t\t\t\t\t\t\t\t>\n\n\t\t\t\t\t\t\t\t\t<div class=\"ose-spotify ose-uid-870228524af4b109671a47d67537616e ose-embedpress-responsive\" style=\"width:600px; height:550px; max-height:550px; max-width:100%; display:inline-block;\"><iframe allowfullscreen title=\"Spotify Embed: Playlist 6 -- Azure\" style=\"border-radius: 12px\" width=\"100%\" height=\"550\" frameborder=\"0\" allow =\"encrypted-media;accelerometer;autoplay;clipboard-write;gyroscope;picture-in-picture clipboard-write; encrypted-media; fullscreen; picture-in-picture\" loading=\"lazy\" src=\"https:\/\/open.spotify.com\/embed\/playlist\/5ZD7UPUoXn4FZjXTy8wKjy?si=wlytEcL7TH6Ve7p0D5bpiA&amp;utm_source=oembed\"><\/iframe><\/div>\t\t\t\t\t\t\t\t<\/div>\n\n\t\t\t\t\t\t\t\t\n\t\t\t\t\t\t\t<\/div>\n\t\t\t\t\t\t<\/div>\n\t\t\t\t\t<\/div>\n\t\t\t\t<\/div>\n\n\t\t\t\n\t\t<\/div>\n\n\n\t\t\n\t\t\t\t<\/div>\n\t\t\t\t<\/div>\n\t\t\t\t\t<\/div>\n\t\t\t\t<\/div>\n\t\t\t\t<\/div>","protected":false},"excerpt":{"rendered":"<p>Music in Psychedelic Therapy Music has been a nearly universal component of psychedelic therapies since their first development in the mid-20th century. Music is also often a core aspect of the Montreal Model of Ketamine-Therapy and was studied in our recent Randomized Clinical Trial: The Music for Subanesthetic Infusions of Ketamine (MUSIK) Trial. \u00a0 This [&hellip;]<\/p>","protected":false},"author":1,"featured_media":0,"parent":0,"menu_order":0,"comment_status":"closed","ping_status":"closed","template":"","meta":{"site-sidebar-layout":"no-sidebar","site-content-layout":"page-builder","ast-site-content-layout":"full-width-container","site-content-style":"default","site-sidebar-style":"default","ast-global-header-display":"","ast-banner-title-visibility":"","ast-main-header-display":"","ast-hfb-above-header-display":"","ast-hfb-below-header-display":"","ast-hfb-mobile-header-display":"","site-post-title":"disabled","ast-breadcrumbs-content":"","ast-featured-img":"disabled","footer-sml-layout":"","theme-transparent-header-meta":"","adv-header-id-meta":"","stick-header-meta":"","header-above-stick-meta":"","header-main-stick-meta":"","header-below-stick-meta":"","astra-migrate-meta-layouts":"set","ast-page-background-enabled":"default","ast-page-background-meta":{"desktop":{"background-color":"var(--ast-global-color-4)","background-image":"","background-repeat":"repeat","background-position":"center center","background-size":"auto","background-attachment":"scroll","background-type":"","background-media":"","overlay-type":"","overlay-color":"","overlay-opacity":"","overlay-gradient":""},"tablet":{"background-color":"","background-image":"","background-repeat":"repeat","background-position":"center center","background-size":"auto","background-attachment":"scroll","background-type":"","background-media":"","overlay-type":"","overlay-color":"","overlay-opacity":"","overlay-gradient":""},"mobile":{"background-color":"","background-image":"","background-repeat":"repeat","background-position":"center center","background-size":"auto","background-attachment":"scroll","background-type":"","background-media":"","overlay-type":"","overlay-color":"","overlay-opacity":"","overlay-gradient":""}},"ast-content-background-meta":{"desktop":{"background-color":"var(--ast-global-color-5)","background-image":"","background-repeat":"repeat","background-position":"center center","background-size":"auto","background-attachment":"scroll","background-type":"","background-media":"","overlay-type":"","overlay-color":"","overlay-opacity":"","overlay-gradient":""},"tablet":{"background-color":"var(--ast-global-color-5)","background-image":"","background-repeat":"repeat","background-position":"center center","background-size":"auto","background-attachment":"scroll","background-type":"","background-media":"","overlay-type":"","overlay-color":"","overlay-opacity":"","overlay-gradient":""},"mobile":{"background-color":"var(--ast-global-color-5)","background-image":"","background-repeat":"repeat","background-position":"center center","background-size":"auto","background-attachment":"scroll","background-type":"","background-media":"","overlay-type":"","overlay-color":"","overlay-opacity":"","overlay-gradient":""}},"footnotes":""},"class_list":["post-1896","page","type-page","status-publish","hentry"],"_links":{"self":[{"href":"https:\/\/montrealmodelketaminetherapy.com\/fr\/wp-json\/wp\/v2\/pages\/1896","targetHints":{"allow":["GET"]}}],"collection":[{"href":"https:\/\/montrealmodelketaminetherapy.com\/fr\/wp-json\/wp\/v2\/pages"}],"about":[{"href":"https:\/\/montrealmodelketaminetherapy.com\/fr\/wp-json\/wp\/v2\/types\/page"}],"author":[{"embeddable":true,"href":"https:\/\/montrealmodelketaminetherapy.com\/fr\/wp-json\/wp\/v2\/users\/1"}],"replies":[{"embeddable":true,"href":"https:\/\/montrealmodelketaminetherapy.com\/fr\/wp-json\/wp\/v2\/comments?post=1896"}],"version-history":[{"count":34,"href":"https:\/\/montrealmodelketaminetherapy.com\/fr\/wp-json\/wp\/v2\/pages\/1896\/revisions"}],"predecessor-version":[{"id":2462,"href":"https:\/\/montrealmodelketaminetherapy.com\/fr\/wp-json\/wp\/v2\/pages\/1896\/revisions\/2462"}],"wp:attachment":[{"href":"https:\/\/montrealmodelketaminetherapy.com\/fr\/wp-json\/wp\/v2\/media?parent=1896"}],"curies":[{"name":"wp","href":"https:\/\/api.w.org\/{rel}","templated":true}]}}