{"id":1890,"date":"2025-05-26T18:16:19","date_gmt":"2025-05-26T18:16:19","guid":{"rendered":"https:\/\/lightgreen-wolverine-597643.hostingersite.com\/?page_id=1890"},"modified":"2025-06-25T18:51:58","modified_gmt":"2025-06-25T18:51:58","slug":"clinical-information","status":"publish","type":"page","link":"https:\/\/montrealmodelketaminetherapy.com\/fr\/clinical-information\/","title":{"rendered":"Informations Cliniques"},"content":{"rendered":"<div data-elementor-type=\"wp-page\" data-elementor-id=\"1890\" class=\"elementor elementor-1890\">\n\t\t\t\t<div class=\"elementor-element elementor-element-f13059f e-flex e-con-boxed e-con e-parent\" data-id=\"f13059f\" data-element_type=\"container\">\n\t\t\t\t\t<div class=\"e-con-inner\">\n\t\t\t\t\t<\/div>\n\t\t\t\t<\/div>\n\t\t<div class=\"elementor-element elementor-element-965ffb1 e-flex e-con-boxed e-con e-parent\" data-id=\"965ffb1\" data-element_type=\"container\" data-settings=\"{&quot;background_background&quot;:&quot;classic&quot;}\">\n\t\t\t\t\t<div class=\"e-con-inner\">\n\t\t\t\t<div class=\"elementor-element elementor-element-c20ae23 elementor-widget elementor-widget-heading\" data-id=\"c20ae23\" data-element_type=\"widget\" data-widget_type=\"heading.default\">\n\t\t\t\t<div class=\"elementor-widget-container\">\n\t\t\t\t\t<h2 class=\"elementor-heading-title elementor-size-default\">Informations Cliniques<\/h2>\t\t\t\t<\/div>\n\t\t\t\t<\/div>\n\t\t\t\t\t<\/div>\n\t\t\t\t<\/div>\n\t\t<div class=\"elementor-element elementor-element-a88edcd e-flex e-con-boxed e-con e-parent\" data-id=\"a88edcd\" data-element_type=\"container\">\n\t\t\t\t\t<div class=\"e-con-inner\">\n\t\t\t\t<div class=\"elementor-element elementor-element-c7ff6c4 elementor-widget elementor-widget-heading\" data-id=\"c7ff6c4\" data-element_type=\"widget\" data-widget_type=\"heading.default\">\n\t\t\t\t<div class=\"elementor-widget-container\">\n\t\t\t\t\t<h2 class=\"elementor-heading-title elementor-size-default\">Aper\u00e7u du Mod\u00e8le de Montr\u00e9al<\/h2>\t\t\t\t<\/div>\n\t\t\t\t<\/div>\n\t\t\t\t<div class=\"elementor-element elementor-element-96108f1 elementor-widget elementor-widget-text-editor\" data-id=\"96108f1\" data-element_type=\"widget\" data-widget_type=\"text-editor.default\">\n\t\t\t\t<div class=\"elementor-widget-container\">\n\t\t\t\t\t\t\t\t\t<p><em>Ressentir des \u00e9motions, d\u00e9samorcer des pens\u00e9es, changer des comportements<\/em><\/p>\t\t\t\t\t\t\t\t<\/div>\n\t\t\t\t<\/div>\n\t\t\t\t<div class=\"elementor-element elementor-element-2deef70 elementor-widget-divider--view-line elementor-widget elementor-widget-divider\" data-id=\"2deef70\" data-element_type=\"widget\" data-widget_type=\"divider.default\">\n\t\t\t\t<div class=\"elementor-widget-container\">\n\t\t\t\t\t\t\t<div class=\"elementor-divider\">\n\t\t\t<span class=\"elementor-divider-separator\">\n\t\t\t\t\t\t<\/span>\n\t\t<\/div>\n\t\t\t\t\t\t<\/div>\n\t\t\t\t<\/div>\n\t\t\t\t<div class=\"elementor-element elementor-element-d3a89d8 elementor-widget elementor-widget-text-editor\" data-id=\"d3a89d8\" data-element_type=\"widget\" data-widget_type=\"text-editor.default\">\n\t\t\t\t<div class=\"elementor-widget-container\">\n\t\t\t\t\t\t\t\t\t<p>Le Mod\u00e8le de Montr\u00e9al de Th\u00e9rapie par la K\u00e9tamine est un programme intensif, fond\u00e9 sur des donn\u00e9es probantes, qui combine des traitements \u00e0 faible dose de k\u00e9tamine avec un soutien psychologique et des changements comportementaux pour aider les patients \u00e0 se remettre d'une d\u00e9pression r\u00e9sistante aux traitements. Il vise \u00e0 utiliser les effets antid\u00e9presseurs rapides, mais souvent temporaires, de la k\u00e9tamine comme une opportunit\u00e9 qui, en synergie avec la psychoth\u00e9rapie et les traitements de type psych\u00e9d\u00e9lique, peut favoriser une croissance psychologique et un r\u00e9tablissement durables.<\/p>\t\t\t\t\t\t\t\t<\/div>\n\t\t\t\t<\/div>\n\t\t\t\t<div class=\"elementor-element elementor-element-584d338 elementor-widget elementor-widget-image\" data-id=\"584d338\" data-element_type=\"widget\" data-widget_type=\"image.default\">\n\t\t\t\t<div class=\"elementor-widget-container\">\n\t\t\t\t\t\t\t\t\t\t\t\t\t\t\t<img fetchpriority=\"high\" decoding=\"async\" width=\"1024\" height=\"451\" src=\"https:\/\/montrealmodelketaminetherapy.com\/wp-content\/uploads\/2025\/06\/Screen-Shot-2025-06-25-at-12.48.34-PM-1024x451.jpg\" class=\"attachment-large size-large wp-image-2440\" alt=\"\" srcset=\"https:\/\/montrealmodelketaminetherapy.com\/wp-content\/uploads\/2025\/06\/Screen-Shot-2025-06-25-at-12.48.34-PM-1024x451.jpg 1024w, https:\/\/montrealmodelketaminetherapy.com\/wp-content\/uploads\/2025\/06\/Screen-Shot-2025-06-25-at-12.48.34-PM-300x132.jpg 300w, https:\/\/montrealmodelketaminetherapy.com\/wp-content\/uploads\/2025\/06\/Screen-Shot-2025-06-25-at-12.48.34-PM-768x339.jpg 768w, https:\/\/montrealmodelketaminetherapy.com\/wp-content\/uploads\/2025\/06\/Screen-Shot-2025-06-25-at-12.48.34-PM-1536x677.jpg 1536w, https:\/\/montrealmodelketaminetherapy.com\/wp-content\/uploads\/2025\/06\/Screen-Shot-2025-06-25-at-12.48.34-PM-2048x903.jpg 2048w, https:\/\/montrealmodelketaminetherapy.com\/wp-content\/uploads\/2025\/06\/Screen-Shot-2025-06-25-at-12.48.34-PM-18x8.jpg 18w\" sizes=\"(max-width: 1024px) 100vw, 1024px\" \/>\t\t\t\t\t\t\t\t\t\t\t\t\t\t\t<\/div>\n\t\t\t\t<\/div>\n\t\t\t\t<div class=\"elementor-element elementor-element-d547f67 elementor-widget-divider--view-line elementor-widget elementor-widget-divider\" data-id=\"d547f67\" data-element_type=\"widget\" data-widget_type=\"divider.default\">\n\t\t\t\t<div class=\"elementor-widget-container\">\n\t\t\t\t\t\t\t<div class=\"elementor-divider\">\n\t\t\t<span class=\"elementor-divider-separator\">\n\t\t\t\t\t\t<\/span>\n\t\t<\/div>\n\t\t\t\t\t\t<\/div>\n\t\t\t\t<\/div>\n\t\t<div class=\"elementor-element elementor-element-51d4036 e-con-full e-flex e-con e-child\" data-id=\"51d4036\" data-element_type=\"container\">\n\t\t\t\t<div class=\"elementor-element elementor-element-5842251 elementor-widget elementor-widget-heading\" data-id=\"5842251\" data-element_type=\"widget\" data-widget_type=\"heading.default\">\n\t\t\t\t<div class=\"elementor-widget-container\">\n\t\t\t\t\t<h2 class=\"elementor-heading-title elementor-size-default\">Traitements \u00e0 la K\u00e9tamine<\/h2>\t\t\t\t<\/div>\n\t\t\t\t<\/div>\n\t\t\t\t<div class=\"elementor-element elementor-element-bf867a9 elementor-widget elementor-widget-text-editor\" data-id=\"bf867a9\" data-element_type=\"widget\" data-widget_type=\"text-editor.default\">\n\t\t\t\t<div class=\"elementor-widget-container\">\n\t\t\t\t\t\t\t\t\t<p>Bien qu'initialement con\u00e7u avec un programme standard de six s\u00e9ances de k\u00e9tamine sur quatre semaines, le protocole s'est progressivement assoupli en fonction des besoins et du contexte de chaque patient. La plupart des patients recevront quatre ou cinq s\u00e9ances de k\u00e9tamine \u00e0 faible dose sur une p\u00e9riode de quatre \u00e0 six semaines. Ces s\u00e9ances sont dispens\u00e9es dans un cadre de soutien, avec un suivi psychologique, afin d'aider les patients \u00e0 tirer un \u00e9panouissement psychologique des exp\u00e9riences psych\u00e9d\u00e9liques induites par la k\u00e9tamine.<\/p><p>\u00a0<\/p><p>Chaque s\u00e9ance dure environ deux heures. Elle comprend un bilan de sant\u00e9, incluant un bilan des s\u00e9ances pr\u00e9c\u00e9dentes, des sympt\u00f4mes et des objectifs. Toutes les s\u00e9ances incluent \u00e9galement un exercice de pleine conscience bas\u00e9 sur la Th\u00e9rapie d'Acceptation et d'Engagement avant l'administration de k\u00e9tamine (par voie intraveineuse ou intramusculaire).<\/p><p>\u00a0<\/p><p>Les patients portent un bandeau sur les yeux et peuvent choisir d'\u00e9couter des playlists musicales sp\u00e9cialement s\u00e9lectionn\u00e9es ou de b\u00e9n\u00e9ficier d'une s\u00e9ance de pleine conscience guid\u00e9e pendant la p\u00e9riode psychoactive de 40 minutes de l'exp\u00e9rience \u00e0 la k\u00e9tamine. Un personnel m\u00e9dical qualifi\u00e9 est pr\u00e9sent tout au long du traitement, surveillant les signes vitaux et apportant un soutien en cas d'exp\u00e9riences difficiles ou d'effets secondaires.<\/p>\t\t\t\t\t\t\t\t<\/div>\n\t\t\t\t<\/div>\n\t\t\t\t<div class=\"elementor-element elementor-element-c6a3c06 elementor-widget elementor-widget-heading\" data-id=\"c6a3c06\" data-element_type=\"widget\" data-widget_type=\"heading.default\">\n\t\t\t\t<div class=\"elementor-widget-container\">\n\t\t\t\t\t<h2 class=\"elementor-heading-title elementor-size-default\">Changements de Comportement Fond\u00e9s sur des Donn\u00e9es Probantes<\/h2>\t\t\t\t<\/div>\n\t\t\t\t<\/div>\n\t\t\t\t<div class=\"elementor-element elementor-element-a1b55c4 elementor-widget elementor-widget-text-editor\" data-id=\"a1b55c4\" data-element_type=\"widget\" data-widget_type=\"text-editor.default\">\n\t\t\t\t<div class=\"elementor-widget-container\">\n\t\t\t\t\t\t\t\t\t<p>L\u2019un des principaux objectifs du Mod\u00e8le de Montr\u00e9al est d\u2019inverser les \u00ab cercles vicieux \u00bb de la d\u00e9pression : les changements n\u00e9gatifs que la d\u00e9pression provoque invariablement et qui, \u00e0 leur tour, aggravent les sympt\u00f4mes d\u00e9pressifs.<\/p><p>\u00a0<\/p><p>Avant le premier traitement \u00e0 la k\u00e9tamine, les patients travaillent avec des cliniciens pour \u00e9tablir au moins trois objectifs comportementaux clairs, sp\u00e9cifiques, mesurables, r\u00e9alisables, r\u00e9alistes et temporels (SMART). Ces objectifs peuvent concerner les routines quotidiennes, l'alimentation, l'exercice physique ou la participation \u00e0 des activit\u00e9s enrichissantes. L'accent est mis sur des objectifs r\u00e9alisables, comme \u00ab\u00a0aller marcher tous les matins\u00a0\u00bb, plut\u00f4t que sur des objectifs non r\u00e9alisables comme \u00ab\u00a0se sentir mieux\u00a0\u00bb, car ces premiers sont sous le contr\u00f4le du patient.<\/p><p>\u00a0<\/p>\t\t\t\t\t\t\t\t<\/div>\n\t\t\t\t<\/div>\n\t\t\t\t<div class=\"elementor-element elementor-element-fc4d130 elementor-widget elementor-widget-heading\" data-id=\"fc4d130\" data-element_type=\"widget\" data-widget_type=\"heading.default\">\n\t\t\t\t<div class=\"elementor-widget-container\">\n\t\t\t\t\t<h2 class=\"elementor-heading-title elementor-size-default\">Psychoth\u00e9rapie<\/h2>\t\t\t\t<\/div>\n\t\t\t\t<\/div>\n\t\t\t\t<div class=\"elementor-element elementor-element-874868e elementor-widget elementor-widget-text-editor\" data-id=\"874868e\" data-element_type=\"widget\" data-widget_type=\"text-editor.default\">\n\t\t\t\t<div class=\"elementor-widget-container\">\n\t\t\t\t\t\t\t\t\t<p>Les patients b\u00e9n\u00e9ficient d'au moins une heure de psychoth\u00e9rapie hebdomadaire avec un professionnel qualifi\u00e9 tout au long du traitement \u00e0 la k\u00e9tamine. Ce soutien psychoth\u00e9rapeutique d\u00e9bute g\u00e9n\u00e9ralement quelques semaines avant la premi\u00e8re dose de k\u00e9tamine et peut se poursuivre par la suite. Il permet au patient d'explorer les pens\u00e9es, les sentiments et les exp\u00e9riences qui surgissent pendant les traitements et dans ses efforts pour changer de vie.<\/p><p>\u00a0<\/p><p>Dans le Mod\u00e8le de Montr\u00e9al, la forme sp\u00e9cifique de cette psychoth\u00e9rapie est flexible : une forte connexion patient-th\u00e9rapeute est consid\u00e9r\u00e9e comme plus importante que la modalit\u00e9 th\u00e9rapeutique particuli\u00e8re.<\/p><p>\u00a0<\/p>\t\t\t\t\t\t\t\t<\/div>\n\t\t\t\t<\/div>\n\t\t\t\t<div class=\"elementor-element elementor-element-cd29b86 elementor-widget elementor-widget-heading\" data-id=\"cd29b86\" data-element_type=\"widget\" data-widget_type=\"heading.default\">\n\t\t\t\t<div class=\"elementor-widget-container\">\n\t\t\t\t\t<h2 class=\"elementor-heading-title elementor-size-default\">Approche des S\u00e9ances de K\u00e9tamine<\/h2>\t\t\t\t<\/div>\n\t\t\t\t<\/div>\n\t\t\t\t<div class=\"elementor-element elementor-element-484ba41 elementor-widget elementor-widget-text-editor\" data-id=\"484ba41\" data-element_type=\"widget\" data-widget_type=\"text-editor.default\">\n\t\t\t\t<div class=\"elementor-widget-container\">\n\t\t\t\t\t\t\t\t\t<p>Les patients sont encourag\u00e9s \u00e0 aborder les exp\u00e9riences li\u00e9es \u00e0 la k\u00e9tamine avec curiosit\u00e9, les consid\u00e9rant comme des occasions d'explorer leur monde int\u00e9rieur et d'apprendre. Le mod\u00e8le encourage \u00e0 r\u00e9sister \u00e0 la tentation de qualifier les exp\u00e9riences de \u00ab\u00a0bonnes\u00a0\u00bb ou de \u00ab\u00a0mauvaises\u00a0\u00bb, et \u00e0 consid\u00e9rer plut\u00f4t toutes les exp\u00e9riences comme des sources pr\u00e9cieuses d'information et de d\u00e9veloppement potentiel, m\u00eame les \u00e9motions ou pens\u00e9es difficiles.<\/p><p>\u00a0<\/p><p>En effet, un principe fondamental du mod\u00e8le est que l'\u00ab\u00a0\u00e9vitement exp\u00e9rientiel\u00a0\u00bb est commun \u00e0 tous les troubles psychiatriques. Autrement dit, tous les \u00eatres humains s'efforcent d'\u00e9viter certains sentiments ou pens\u00e9es afin de r\u00e9duire leur d\u00e9tresse, mais ce processus aggrave souvent leur souffrance \u00e0 moyen et long terme. En revanche, affronter ses \u00e9motions difficiles est souvent difficile, mais peut apporter des b\u00e9n\u00e9fices majeurs.<\/p><p>\u00a0<\/p>\t\t\t\t\t\t\t\t<\/div>\n\t\t\t\t<\/div>\n\t\t\t\t<div class=\"elementor-element elementor-element-1ccc0de elementor-widget elementor-widget-heading\" data-id=\"1ccc0de\" data-element_type=\"widget\" data-widget_type=\"heading.default\">\n\t\t\t\t<div class=\"elementor-widget-container\">\n\t\t\t\t\t<h2 class=\"elementor-heading-title elementor-size-default\">Musique<\/h2>\t\t\t\t<\/div>\n\t\t\t\t<\/div>\n\t\t\t\t<div class=\"elementor-element elementor-element-3deb01c elementor-widget elementor-widget-text-editor\" data-id=\"3deb01c\" data-element_type=\"widget\" data-widget_type=\"text-editor.default\">\n\t\t\t\t<div class=\"elementor-widget-container\">\n\t\t\t\t\t\t\t\t\t<p>Des playlists musicales sp\u00e9cialement con\u00e7ues sont disponibles pour rendre les exp\u00e9riences \u00e0 la k\u00e9tamine enrichissantes et bien tol\u00e9r\u00e9es. Les patients peuvent choisir parmi ces playlists ou apporter leur propre musique. Apr\u00e8s le traitement, ils sont encourag\u00e9s \u00e0 r\u00e9\u00e9couter la musique pour int\u00e9grer leurs exp\u00e9riences au quotidien, une pratique que beaucoup trouvent utile pour consolider leurs acquis.<\/p><p>\u00a0<\/p>\t\t\t\t\t\t\t\t<\/div>\n\t\t\t\t<\/div>\n\t\t\t\t<div class=\"elementor-element elementor-element-8459a96 elementor-widget elementor-widget-heading\" data-id=\"8459a96\" data-element_type=\"widget\" data-widget_type=\"heading.default\">\n\t\t\t\t<div class=\"elementor-widget-container\">\n\t\t\t\t\t<h2 class=\"elementor-heading-title elementor-size-default\">Les Effets Secondaires<\/h2>\t\t\t\t<\/div>\n\t\t\t\t<\/div>\n\t\t\t\t<div class=\"elementor-element elementor-element-9c98670 elementor-widget elementor-widget-text-editor\" data-id=\"9c98670\" data-element_type=\"widget\" data-widget_type=\"text-editor.default\">\n\t\t\t\t<div class=\"elementor-widget-container\">\n\t\t\t\t\t\t\t\t\t<p>Les effets secondaires courants de la k\u00e9tamine \u00e0 faible dose comprennent des exp\u00e9riences psych\u00e9d\u00e9liques ou oniriques (dissociation), des \u00e9tourdissements, des naus\u00e9es, des troubles de la vision, de la somnolence ou de l'excitation, une \u00e9l\u00e9vation de la tension art\u00e9rielle et du rythme cardiaque, une salivation accrue et des mouvements musculaires involontaires. La plupart des effets secondaires sont brefs et disparaissent en quelques heures. Des m\u00e9dicaments peuvent \u00eatre prescrits pour les effets secondaires g\u00eanants comme les naus\u00e9es.<\/p><p>\u00a0<\/p>\t\t\t\t\t\t\t\t<\/div>\n\t\t\t\t<\/div>\n\t\t\t\t<div class=\"elementor-element elementor-element-56a6fd9 elementor-widget elementor-widget-heading\" data-id=\"56a6fd9\" data-element_type=\"widget\" data-widget_type=\"heading.default\">\n\t\t\t\t<div class=\"elementor-widget-container\">\n\t\t\t\t\t<h2 class=\"elementor-heading-title elementor-size-default\">Soins Post-Traitement<\/h2>\t\t\t\t<\/div>\n\t\t\t\t<\/div>\n\t\t\t\t<div class=\"elementor-element elementor-element-6b14297 elementor-widget elementor-widget-text-editor\" data-id=\"6b14297\" data-element_type=\"widget\" data-widget_type=\"text-editor.default\">\n\t\t\t\t<div class=\"elementor-widget-container\">\n\t\t\t\t\t\t\t\t\t<p>Apr\u00e8s une s\u00e9ance de k\u00e9tamine, les patients ne peuvent pas conduire pendant 24 heures ou jusqu'\u00e0 une bonne nuit de sommeil. Ils sont encourag\u00e9s \u00e0 poursuivre leurs efforts sur leurs objectifs comportementaux et \u00e0 consulter leur psychoth\u00e9rapeute. Les patients peuvent contacter l'\u00e9quipe soignante en cas de sympt\u00f4mes inqui\u00e9tants ou se rendre aux urgences en cas de probl\u00e8me urgent.<\/p><p>\u00a0<\/p>\t\t\t\t\t\t\t\t<\/div>\n\t\t\t\t<\/div>\n\t\t\t\t<\/div>\n\t\t\t\t\t<\/div>\n\t\t\t\t<\/div>\n\t\t\t\t<\/div>","protected":false},"excerpt":{"rendered":"<p>Clinical Information Overview of the Montreal Model Feel Emotions, Defuse Thoughts, Change Behaviours The Montreal Model of Ketamine Therapy is an intensive, evidence-based program that combines low-dose ketamine treatments with psychological support and behavioral changes to help patients recover from treatment-resistant depression. It aims to use the rapid but often temporary antidepressant effects of ketamine [&hellip;]<\/p>","protected":false},"author":1,"featured_media":0,"parent":0,"menu_order":0,"comment_status":"closed","ping_status":"closed","template":"","meta":{"site-sidebar-layout":"no-sidebar","site-content-layout":"page-builder","ast-site-content-layout":"full-width-container","site-content-style":"default","site-sidebar-style":"default","ast-global-header-display":"","ast-banner-title-visibility":"","ast-main-header-display":"","ast-hfb-above-header-display":"","ast-hfb-below-header-display":"","ast-hfb-mobile-header-display":"","site-post-title":"disabled","ast-breadcrumbs-content":"","ast-featured-img":"disabled","footer-sml-layout":"","theme-transparent-header-meta":"","adv-header-id-meta":"","stick-header-meta":"","header-above-stick-meta":"","header-main-stick-meta":"","header-below-stick-meta":"","astra-migrate-meta-layouts":"set","ast-page-background-enabled":"default","ast-page-background-meta":{"desktop":{"background-color":"var(--ast-global-color-4)","background-image":"","background-repeat":"repeat","background-position":"center center","background-size":"auto","background-attachment":"scroll","background-type":"","background-media":"","overlay-type":"","overlay-color":"","overlay-opacity":"","overlay-gradient":""},"tablet":{"background-color":"","background-image":"","background-repeat":"repeat","background-position":"center center","background-size":"auto","background-attachment":"scroll","background-type":"","background-media":"","overlay-type":"","overlay-color":"","overlay-opacity":"","overlay-gradient":""},"mobile":{"background-color":"","background-image":"","background-repeat":"repeat","background-position":"center center","background-size":"auto","background-attachment":"scroll","background-type":"","background-media":"","overlay-type":"","overlay-color":"","overlay-opacity":"","overlay-gradient":""}},"ast-content-background-meta":{"desktop":{"background-color":"var(--ast-global-color-5)","background-image":"","background-repeat":"repeat","background-position":"center center","background-size":"auto","background-attachment":"scroll","background-type":"","background-media":"","overlay-type":"","overlay-color":"","overlay-opacity":"","overlay-gradient":""},"tablet":{"background-color":"var(--ast-global-color-5)","background-image":"","background-repeat":"repeat","background-position":"center center","background-size":"auto","background-attachment":"scroll","background-type":"","background-media":"","overlay-type":"","overlay-color":"","overlay-opacity":"","overlay-gradient":""},"mobile":{"background-color":"var(--ast-global-color-5)","background-image":"","background-repeat":"repeat","background-position":"center center","background-size":"auto","background-attachment":"scroll","background-type":"","background-media":"","overlay-type":"","overlay-color":"","overlay-opacity":"","overlay-gradient":""}},"footnotes":""},"class_list":["post-1890","page","type-page","status-publish","hentry"],"_links":{"self":[{"href":"https:\/\/montrealmodelketaminetherapy.com\/fr\/wp-json\/wp\/v2\/pages\/1890","targetHints":{"allow":["GET"]}}],"collection":[{"href":"https:\/\/montrealmodelketaminetherapy.com\/fr\/wp-json\/wp\/v2\/pages"}],"about":[{"href":"https:\/\/montrealmodelketaminetherapy.com\/fr\/wp-json\/wp\/v2\/types\/page"}],"author":[{"embeddable":true,"href":"https:\/\/montrealmodelketaminetherapy.com\/fr\/wp-json\/wp\/v2\/users\/1"}],"replies":[{"embeddable":true,"href":"https:\/\/montrealmodelketaminetherapy.com\/fr\/wp-json\/wp\/v2\/comments?post=1890"}],"version-history":[{"count":100,"href":"https:\/\/montrealmodelketaminetherapy.com\/fr\/wp-json\/wp\/v2\/pages\/1890\/revisions"}],"predecessor-version":[{"id":2484,"href":"https:\/\/montrealmodelketaminetherapy.com\/fr\/wp-json\/wp\/v2\/pages\/1890\/revisions\/2484"}],"wp:attachment":[{"href":"https:\/\/montrealmodelketaminetherapy.com\/fr\/wp-json\/wp\/v2\/media?parent=1890"}],"curies":[{"name":"wp","href":"https:\/\/api.w.org\/{rel}","templated":true}]}}