{"id":1880,"date":"2025-05-26T18:09:44","date_gmt":"2025-05-26T18:09:44","guid":{"rendered":"https:\/\/lightgreen-wolverine-597643.hostingersite.com\/?page_id=1880"},"modified":"2025-06-11T23:50:09","modified_gmt":"2025-06-11T23:50:09","slug":"people","status":"publish","type":"page","link":"https:\/\/montrealmodelketaminetherapy.com\/fr\/people\/","title":{"rendered":"Personnes"},"content":{"rendered":"<div data-elementor-type=\"wp-page\" data-elementor-id=\"1880\" class=\"elementor elementor-1880\">\n\t\t\t\t<div class=\"elementor-element elementor-element-72a3ff2 e-flex e-con-boxed e-con e-parent\" data-id=\"72a3ff2\" data-element_type=\"container\">\n\t\t\t\t\t<div class=\"e-con-inner\">\n\t\t<div class=\"elementor-element elementor-element-e410522 e-con-full e-flex e-con e-child\" data-id=\"e410522\" data-element_type=\"container\">\n\t\t\t\t<div class=\"elementor-element elementor-element-cb545f2 elementor-widget elementor-widget-heading\" data-id=\"cb545f2\" data-element_type=\"widget\" data-widget_type=\"heading.default\">\n\t\t\t\t<div class=\"elementor-widget-container\">\n\t\t\t\t\t<h2 class=\"elementor-heading-title elementor-size-default\">Personnes<\/h2>\t\t\t\t<\/div>\n\t\t\t\t<\/div>\n\t\t\t\t<div class=\"elementor-element elementor-element-ab7d5d0 elementor-widget-divider--view-line elementor-widget elementor-widget-divider\" data-id=\"ab7d5d0\" data-element_type=\"widget\" data-widget_type=\"divider.default\">\n\t\t\t\t<div class=\"elementor-widget-container\">\n\t\t\t\t\t\t\t<div class=\"elementor-divider\">\n\t\t\t<span class=\"elementor-divider-separator\">\n\t\t\t\t\t\t<\/span>\n\t\t<\/div>\n\t\t\t\t\t\t<\/div>\n\t\t\t\t<\/div>\n\t\t\t\t<\/div>\n\t\t\t\t\t<\/div>\n\t\t\t\t<\/div>\n\t\t<div class=\"elementor-element elementor-element-11d8921 e-flex e-con-boxed e-con e-parent\" data-id=\"11d8921\" data-element_type=\"container\">\n\t\t\t\t\t<div class=\"e-con-inner\">\n\t\t\t\t<div class=\"elementor-element elementor-element-7a1b61f elementor-widget elementor-widget-text-editor\" data-id=\"7a1b61f\" data-element_type=\"widget\" data-widget_type=\"text-editor.default\">\n\t\t\t\t<div class=\"elementor-widget-container\">\n\t\t\t\t\t\t\t\t\t<p>Le Mod\u00e8le de Montr\u00e9al a \u00e9t\u00e9 principalement d\u00e9velopp\u00e9 par Dr. Kyle Greenway et Dr. Nicolas Garel, initialement sous la supervision de Dr. St\u00e9phane Richard-Devantoy.\u00a0<\/p><p>Dr. Greenway dirige maintenant le programme de th\u00e9rapie \u00e0 la k\u00e9tamine \u00e0 l\u2019H\u00f4pital g\u00e9n\u00e9ral juif de McGill, et Dr. Garel dirige le programme au CHUM de l\u2019Universit\u00e9 de Montr\u00e9al.<\/p>\t\t\t\t\t\t\t\t<\/div>\n\t\t\t\t<\/div>\n\t\t\t\t\t<\/div>\n\t\t\t\t<\/div>\n\t\t<div class=\"elementor-element elementor-element-b5ee2db e-flex e-con-boxed e-con e-parent\" data-id=\"b5ee2db\" data-element_type=\"container\" data-settings=\"{&quot;background_background&quot;:&quot;classic&quot;}\">\n\t\t\t\t\t<div class=\"e-con-inner\">\n\t\t<div class=\"elementor-element elementor-element-dc99be2 e-con-full e-flex e-con e-child\" data-id=\"dc99be2\" data-element_type=\"container\">\n\t\t\t\t<div class=\"elementor-element elementor-element-aafc64a elementor-widget elementor-widget-heading\" data-id=\"aafc64a\" data-element_type=\"widget\" data-widget_type=\"heading.default\">\n\t\t\t\t<div class=\"elementor-widget-container\">\n\t\t\t\t\t<h2 class=\"elementor-heading-title elementor-size-default\">Dr. Kyle Greenway<\/h2>\t\t\t\t<\/div>\n\t\t\t\t<\/div>\n\t\t\t\t<div class=\"elementor-element elementor-element-14951be elementor-widget__width-initial elementor-widget elementor-widget-image\" data-id=\"14951be\" data-element_type=\"widget\" data-widget_type=\"image.default\">\n\t\t\t\t<div class=\"elementor-widget-container\">\n\t\t\t\t\t\t\t\t\t\t\t\t\t\t\t<img fetchpriority=\"high\" decoding=\"async\" width=\"924\" height=\"616\" src=\"https:\/\/montrealmodelketaminetherapy.com\/wp-content\/uploads\/2025\/05\/drkyle.jpg\" class=\"attachment-large size-large wp-image-1962\" alt=\"\" srcset=\"https:\/\/montrealmodelketaminetherapy.com\/wp-content\/uploads\/2025\/05\/drkyle.jpg 924w, https:\/\/montrealmodelketaminetherapy.com\/wp-content\/uploads\/2025\/05\/drkyle-300x200.jpg 300w, https:\/\/montrealmodelketaminetherapy.com\/wp-content\/uploads\/2025\/05\/drkyle-768x512.jpg 768w\" sizes=\"(max-width: 924px) 100vw, 924px\" \/>\t\t\t\t\t\t\t\t\t\t\t\t\t\t\t<\/div>\n\t\t\t\t<\/div>\n\t\t\t\t<div class=\"elementor-element elementor-element-5f8b257 elementor-widget elementor-widget-text-editor\" data-id=\"5f8b257\" data-element_type=\"widget\" data-widget_type=\"text-editor.default\">\n\t\t\t\t<div class=\"elementor-widget-container\">\n\t\t\t\t\t\t\t\t\t<p><span data-olk-copy-source=\"MessageBody\">Dr. Kyle Greenway est psychiatre et clinicien-chercheur \u00e0 l'H\u00f4pital g\u00e9n\u00e9ral juif\/Institut Lady Davis et professeur adjoint \u00e0 l'Universit\u00e9 McGill. Il a r\u00e9cemment re\u00e7u une bourse de chercheur-boursier du FRQS. Il a effectu\u00e9 sa r\u00e9sidence en psychiatrie \u00e0 McGill et un stage postdoctoral au centre de recherche sur les psych\u00e9d\u00e9liques de l'Universit\u00e9 Imperial, ainsi qu'au programme de recherche clinique de McGill. Il a fond\u00e9 et dirige le programme de th\u00e9rapie par la k\u00e9tamine pour les troubles de la conscience transculturelle de l'HGJ et codirige le groupe de recherche \u00ab Psych\u00e9d\u00e9liques et contemplation \u00bb avec Dr. Michael Lifshitz, affili\u00e9 \u00e0 la Division de psychiatrie sociale et transculturelle de renomm\u00e9e mondiale de McGill, qui \u00e9tudie le potentiel th\u00e9rapeutique, les fondements neuronaux et les contextes sociaux des \u00e9tats de conscience modifi\u00e9s.<\/span><\/p>\t\t\t\t\t\t\t\t<\/div>\n\t\t\t\t<\/div>\n\t\t\t\t<\/div>\n\t\t<div class=\"elementor-element elementor-element-bfcceaa e-con-full e-flex e-con e-child\" data-id=\"bfcceaa\" data-element_type=\"container\">\n\t\t\t\t<div class=\"elementor-element elementor-element-40e18a2 elementor-widget elementor-widget-heading\" data-id=\"40e18a2\" data-element_type=\"widget\" data-widget_type=\"heading.default\">\n\t\t\t\t<div class=\"elementor-widget-container\">\n\t\t\t\t\t<h2 class=\"elementor-heading-title elementor-size-default\">Dr. Nicolas Garel<\/h2>\t\t\t\t<\/div>\n\t\t\t\t<\/div>\n\t\t\t\t<div class=\"elementor-element elementor-element-e422d29 elementor-widget__width-initial elementor-widget elementor-widget-image\" data-id=\"e422d29\" data-element_type=\"widget\" data-widget_type=\"image.default\">\n\t\t\t\t<div class=\"elementor-widget-container\">\n\t\t\t\t\t\t\t\t\t\t\t\t\t\t\t<img decoding=\"async\" width=\"700\" height=\"525\" src=\"https:\/\/montrealmodelketaminetherapy.com\/wp-content\/uploads\/2025\/05\/drnico2.jpg\" class=\"attachment-large size-large wp-image-1965\" alt=\"\" srcset=\"https:\/\/montrealmodelketaminetherapy.com\/wp-content\/uploads\/2025\/05\/drnico2.jpg 700w, https:\/\/montrealmodelketaminetherapy.com\/wp-content\/uploads\/2025\/05\/drnico2-300x225.jpg 300w\" sizes=\"(max-width: 700px) 100vw, 700px\" \/>\t\t\t\t\t\t\t\t\t\t\t\t\t\t\t<\/div>\n\t\t\t\t<\/div>\n\t\t\t\t<div class=\"elementor-element elementor-element-27685b4 elementor-widget__width-initial elementor-widget elementor-widget-text-editor\" data-id=\"27685b4\" data-element_type=\"widget\" data-widget_type=\"text-editor.default\">\n\t\t\t\t<div class=\"elementor-widget-container\">\n\t\t\t\t\t\t\t\t\t<p><span data-olk-copy-source=\"MessageBody\">Dr. Nicolas Garel est psychiatre sp\u00e9cialis\u00e9 en addiction et chercheur au Centre hospitalier de l\u2019Universit\u00e9 de Montr\u00e9al (CHUM). Il est professeur adjoint au D\u00e9partement de psychiatrie de l\u2019Universit\u00e9 de Montr\u00e9al et professeur associ\u00e9 au D\u00e9partement de psychiatrie et des sciences du comportement de l\u2019Universit\u00e9 Stanford. Apr\u00e8s avoir compl\u00e9t\u00e9 sa r\u00e9sidence en psychiatrie et sa formation en recherche \u00e0 l\u2019Universit\u00e9 McGill, il a poursuivi sa formation clinique en m\u00e9decine de l\u2019addiction \u00e0 Stanford. Le laboratoire de Dr. Garel \u00e9tudie les effets th\u00e9rapeutiques de substances psychoactives comme la k\u00e9tamine en combinaison avec des approches psychoth\u00e9rapeutiques dans les troubles de l\u2019humeur et de l\u2019usage de substances.<\/span>.<\/p>\t\t\t\t\t\t\t\t<\/div>\n\t\t\t\t<\/div>\n\t\t\t\t<\/div>\n\t\t\t\t\t<\/div>\n\t\t\t\t<\/div>\n\t\t<div class=\"elementor-element elementor-element-d02fa71 elementor-hidden-desktop elementor-hidden-tablet elementor-hidden-mobile e-flex e-con-boxed e-con e-parent\" data-id=\"d02fa71\" data-element_type=\"container\">\n\t\t\t\t\t<div class=\"e-con-inner\">\n\t\t\t\t<div class=\"elementor-element elementor-element-a2d961e elementor-widget elementor-widget-heading\" data-id=\"a2d961e\" data-element_type=\"widget\" data-widget_type=\"heading.default\">\n\t\t\t\t<div class=\"elementor-widget-container\">\n\t\t\t\t\t<h2 class=\"elementor-heading-title elementor-size-default\">Collaborators<\/h2>\t\t\t\t<\/div>\n\t\t\t\t<\/div>\n\t\t\t\t<div class=\"elementor-element elementor-element-7d4e90e elementor-widget-divider--view-line elementor-widget elementor-widget-divider\" data-id=\"7d4e90e\" data-element_type=\"widget\" data-widget_type=\"divider.default\">\n\t\t\t\t<div class=\"elementor-widget-container\">\n\t\t\t\t\t\t\t<div class=\"elementor-divider\">\n\t\t\t<span class=\"elementor-divider-separator\">\n\t\t\t\t\t\t<\/span>\n\t\t<\/div>\n\t\t\t\t\t\t<\/div>\n\t\t\t\t<\/div>\n\t\t\t\t\t<\/div>\n\t\t\t\t<\/div>\n\t\t<div class=\"elementor-element elementor-element-8855190 elementor-hidden-desktop elementor-hidden-tablet elementor-hidden-mobile e-flex e-con-boxed e-con e-parent\" data-id=\"8855190\" data-element_type=\"container\">\n\t\t\t\t\t<div class=\"e-con-inner\">\n\t\t<div class=\"elementor-element elementor-element-e3e0dc5 e-grid e-con-full e-con e-child\" data-id=\"e3e0dc5\" data-element_type=\"container\">\n\t\t\t\t<div class=\"elementor-element elementor-element-ae142ed elementor-widget elementor-widget-image\" data-id=\"ae142ed\" data-element_type=\"widget\" data-widget_type=\"image.default\">\n\t\t\t\t<div class=\"elementor-widget-container\">\n\t\t\t\t\t\t\t\t\t\t\t\t\t\t\t<img decoding=\"async\" width=\"690\" height=\"692\" src=\"https:\/\/montrealmodelketaminetherapy.com\/wp-content\/uploads\/2025\/06\/Screen-Shot-2025-04-16-at-10.03.19-PM.png\" class=\"attachment-large size-large wp-image-2175\" alt=\"\" srcset=\"https:\/\/montrealmodelketaminetherapy.com\/wp-content\/uploads\/2025\/06\/Screen-Shot-2025-04-16-at-10.03.19-PM.png 690w, https:\/\/montrealmodelketaminetherapy.com\/wp-content\/uploads\/2025\/06\/Screen-Shot-2025-04-16-at-10.03.19-PM-300x300.png 300w, https:\/\/montrealmodelketaminetherapy.com\/wp-content\/uploads\/2025\/06\/Screen-Shot-2025-04-16-at-10.03.19-PM-150x150.png 150w, https:\/\/montrealmodelketaminetherapy.com\/wp-content\/uploads\/2025\/06\/Screen-Shot-2025-04-16-at-10.03.19-PM-12x12.png 12w\" sizes=\"(max-width: 690px) 100vw, 690px\" \/>\t\t\t\t\t\t\t\t\t\t\t\t\t\t\t<\/div>\n\t\t\t\t<\/div>\n\t\t<div class=\"elementor-element elementor-element-111ba38 e-con-full e-flex e-con e-child\" data-id=\"111ba38\" data-element_type=\"container\">\n\t\t\t\t<div class=\"elementor-element elementor-element-aca54c1 elementor-widget elementor-widget-text-editor\" data-id=\"aca54c1\" data-element_type=\"widget\" data-widget_type=\"text-editor.default\">\n\t\t\t\t<div class=\"elementor-widget-container\">\n\t\t\t\t\t\t\t\t\t<p>Bio<\/p>\t\t\t\t\t\t\t\t<\/div>\n\t\t\t\t<\/div>\n\t\t\t\t<div class=\"elementor-element elementor-element-d6c598f elementor-widget elementor-widget-heading\" data-id=\"d6c598f\" data-element_type=\"widget\" data-widget_type=\"heading.default\">\n\t\t\t\t<div class=\"elementor-widget-container\">\n\t\t\t\t\t<h2 class=\"elementor-heading-title elementor-size-default\">Julien Thibault L\u00e9vesque<\/h2>\t\t\t\t<\/div>\n\t\t\t\t<\/div>\n\t\t\t\t<\/div>\n\t\t\t\t<div class=\"elementor-element elementor-element-1bcba17 elementor-widget elementor-widget-image\" data-id=\"1bcba17\" data-element_type=\"widget\" data-widget_type=\"image.default\">\n\t\t\t\t<div class=\"elementor-widget-container\">\n\t\t\t\t\t\t\t\t\t\t\t\t\t\t\t<img decoding=\"async\" src=\"https:\/\/montrealmodelketaminetherapy.com\/wp-content\/plugins\/elementor\/assets\/images\/placeholder.png\" title=\"\" alt=\"\" loading=\"lazy\" \/>\t\t\t\t\t\t\t\t\t\t\t\t\t\t\t<\/div>\n\t\t\t\t<\/div>\n\t\t<div class=\"elementor-element elementor-element-3a55ab9 e-con-full e-flex e-con e-child\" data-id=\"3a55ab9\" data-element_type=\"container\">\n\t\t\t\t<div class=\"elementor-element elementor-element-f9af7c5 elementor-widget elementor-widget-text-editor\" data-id=\"f9af7c5\" data-element_type=\"widget\" data-widget_type=\"text-editor.default\">\n\t\t\t\t<div class=\"elementor-widget-container\">\n\t\t\t\t\t\t\t\t\t<p>and mention the Imperial Psychedelic Research Centre &amp; NHS program<\/p>\t\t\t\t\t\t\t\t<\/div>\n\t\t\t\t<\/div>\n\t\t\t\t<div class=\"elementor-element elementor-element-121015a elementor-widget elementor-widget-heading\" data-id=\"121015a\" data-element_type=\"widget\" data-widget_type=\"heading.default\">\n\t\t\t\t<div class=\"elementor-widget-container\">\n\t\t\t\t\t<h2 class=\"elementor-heading-title elementor-size-default\">David Erritzoe <\/h2>\t\t\t\t<\/div>\n\t\t\t\t<\/div>\n\t\t\t\t<\/div>\n\t\t<div class=\"elementor-element elementor-element-8ee1d7a e-con-full e-flex e-con e-child\" data-id=\"8ee1d7a\" data-element_type=\"container\">\n\t\t\t\t<div class=\"elementor-element elementor-element-1a0044c elementor-widget elementor-widget-image\" data-id=\"1a0044c\" data-element_type=\"widget\" data-widget_type=\"image.default\">\n\t\t\t\t<div class=\"elementor-widget-container\">\n\t\t\t\t\t\t\t\t\t\t\t\t\t\t\t<img decoding=\"async\" src=\"https:\/\/montrealmodelketaminetherapy.com\/wp-content\/plugins\/elementor\/assets\/images\/placeholder.png\" title=\"\" alt=\"\" loading=\"lazy\" \/>\t\t\t\t\t\t\t\t\t\t\t\t\t\t\t<\/div>\n\t\t\t\t<\/div>\n\t\t\t\t<\/div>\n\t\t<div class=\"elementor-element elementor-element-d668711 e-con-full e-flex e-con e-child\" data-id=\"d668711\" data-element_type=\"container\">\n\t\t\t\t<div class=\"elementor-element elementor-element-ffd060d elementor-widget elementor-widget-text-editor\" data-id=\"ffd060d\" data-element_type=\"widget\" data-widget_type=\"text-editor.default\">\n\t\t\t\t<div class=\"elementor-widget-container\">\n\t\t\t\t\t\t\t\t\t<p>bio bio bio<\/p>\t\t\t\t\t\t\t\t<\/div>\n\t\t\t\t<\/div>\n\t\t\t\t<div class=\"elementor-element elementor-element-baee412 elementor-widget elementor-widget-heading\" data-id=\"baee412\" data-element_type=\"widget\" data-widget_type=\"heading.default\">\n\t\t\t\t<div class=\"elementor-widget-container\">\n\t\t\t\t\t<h2 class=\"elementor-heading-title elementor-size-default\">Mendel Kaelen<\/h2>\t\t\t\t<\/div>\n\t\t\t\t<\/div>\n\t\t\t\t<\/div>\n\t\t<div class=\"elementor-element elementor-element-d5c9f3a e-con-full e-flex e-con e-child\" data-id=\"d5c9f3a\" data-element_type=\"container\">\n\t\t\t\t<div class=\"elementor-element elementor-element-417104d elementor-widget elementor-widget-image\" data-id=\"417104d\" data-element_type=\"widget\" data-widget_type=\"image.default\">\n\t\t\t\t<div class=\"elementor-widget-container\">\n\t\t\t\t\t\t\t\t\t\t\t\t\t\t\t<img decoding=\"async\" src=\"https:\/\/montrealmodelketaminetherapy.com\/wp-content\/plugins\/elementor\/assets\/images\/placeholder.png\" title=\"\" alt=\"\" loading=\"lazy\" \/>\t\t\t\t\t\t\t\t\t\t\t\t\t\t\t<\/div>\n\t\t\t\t<\/div>\n\t\t\t\t<\/div>\n\t\t<div class=\"elementor-element elementor-element-9b7307e e-con-full e-flex e-con e-child\" data-id=\"9b7307e\" data-element_type=\"container\">\n\t\t\t\t<div class=\"elementor-element elementor-element-d143e4c elementor-widget elementor-widget-text-editor\" data-id=\"d143e4c\" data-element_type=\"widget\" data-widget_type=\"text-editor.default\">\n\t\t\t\t<div class=\"elementor-widget-container\">\n\t\t\t\t\t\t\t\t\t<p>Lorem ipsum dolor sit amet, consectetur adipiscing elit. Ut elit tellus, luctus nec ullamcorper mattis, pulvinar dapibus leo.<\/p>\t\t\t\t\t\t\t\t<\/div>\n\t\t\t\t<\/div>\n\t\t\t\t<div class=\"elementor-element elementor-element-103a34b elementor-widget elementor-widget-heading\" data-id=\"103a34b\" data-element_type=\"widget\" data-widget_type=\"heading.default\">\n\t\t\t\t<div class=\"elementor-widget-container\">\n\t\t\t\t\t<h2 class=\"elementor-heading-title elementor-size-default\">Le-Anh<\/h2>\t\t\t\t<\/div>\n\t\t\t\t<\/div>\n\t\t\t\t<\/div>\n\t\t<div class=\"elementor-element elementor-element-eb09488 e-con-full e-flex e-con e-child\" data-id=\"eb09488\" data-element_type=\"container\">\n\t\t\t\t<div class=\"elementor-element elementor-element-6823246 elementor-widget elementor-widget-image\" data-id=\"6823246\" data-element_type=\"widget\" data-widget_type=\"image.default\">\n\t\t\t\t<div class=\"elementor-widget-container\">\n\t\t\t\t\t\t\t\t\t\t\t\t\t\t\t<img loading=\"lazy\" decoding=\"async\" width=\"968\" height=\"1024\" src=\"https:\/\/montrealmodelketaminetherapy.com\/wp-content\/uploads\/2025\/06\/Michael-Lifshitz_profile-968x1024.png\" class=\"attachment-large size-large wp-image-2174\" alt=\"\" srcset=\"https:\/\/montrealmodelketaminetherapy.com\/wp-content\/uploads\/2025\/06\/Michael-Lifshitz_profile-968x1024.png 968w, https:\/\/montrealmodelketaminetherapy.com\/wp-content\/uploads\/2025\/06\/Michael-Lifshitz_profile-284x300.png 284w, https:\/\/montrealmodelketaminetherapy.com\/wp-content\/uploads\/2025\/06\/Michael-Lifshitz_profile-768x812.png 768w, https:\/\/montrealmodelketaminetherapy.com\/wp-content\/uploads\/2025\/06\/Michael-Lifshitz_profile-11x12.png 11w, https:\/\/montrealmodelketaminetherapy.com\/wp-content\/uploads\/2025\/06\/Michael-Lifshitz_profile.png 1081w\" sizes=\"(max-width: 968px) 100vw, 968px\" \/>\t\t\t\t\t\t\t\t\t\t\t\t\t\t\t<\/div>\n\t\t\t\t<\/div>\n\t\t\t\t<\/div>\n\t\t<div class=\"elementor-element elementor-element-899d5a9 e-con-full e-flex e-con e-child\" data-id=\"899d5a9\" data-element_type=\"container\">\n\t\t\t\t<div class=\"elementor-element elementor-element-059b5c4 elementor-widget elementor-widget-text-editor\" data-id=\"059b5c4\" data-element_type=\"widget\" data-widget_type=\"text-editor.default\">\n\t\t\t\t<div class=\"elementor-widget-container\">\n\t\t\t\t\t\t\t\t\t<p>Lorem ipsum dolor sit amet, consectetur adipiscing elit. Ut elit tellus, luctus nec ullamcorper mattis, pulvinar dapibus leo.<\/p>\t\t\t\t\t\t\t\t<\/div>\n\t\t\t\t<\/div>\n\t\t\t\t<div class=\"elementor-element elementor-element-7b2955e elementor-widget elementor-widget-heading\" data-id=\"7b2955e\" data-element_type=\"widget\" data-widget_type=\"heading.default\">\n\t\t\t\t<div class=\"elementor-widget-container\">\n\t\t\t\t\t<h2 class=\"elementor-heading-title elementor-size-default\">Michael Lifshitz<\/h2>\t\t\t\t<\/div>\n\t\t\t\t<\/div>\n\t\t\t\t<\/div>\n\t\t\t\t<\/div>\n\t\t<div class=\"elementor-element elementor-element-098ce6b e-con-full e-flex e-con e-child\" data-id=\"098ce6b\" data-element_type=\"container\">\n\t\t\t\t<\/div>\n\t\t\t\t\t<\/div>\n\t\t\t\t<\/div>\n\t\t\t\t<\/div>","protected":false},"excerpt":{"rendered":"<p>People The Montreal Model was primarily developed by Dr. Kyle Greenway and Dr. Nicolas Garel, originally under the supervision of Dr. Stephane Richard-Devantoy.\u00a0 Dr. Greenway now leads the ketamine-therapy program at McGill\u2019s Jewish General Hospital, and Dr. Garel leads the program at University of Montreal\u2019s CHUM. Dr. Kyle Greenway Dr. Kyle Greenway is a psychiatrist [&hellip;]<\/p>","protected":false},"author":1,"featured_media":0,"parent":0,"menu_order":0,"comment_status":"closed","ping_status":"closed","template":"","meta":{"site-sidebar-layout":"no-sidebar","site-content-layout":"page-builder","ast-site-content-layout":"full-width-container","site-content-style":"default","site-sidebar-style":"default","ast-global-header-display":"","ast-banner-title-visibility":"","ast-main-header-display":"","ast-hfb-above-header-display":"","ast-hfb-below-header-display":"","ast-hfb-mobile-header-display":"","site-post-title":"disabled","ast-breadcrumbs-content":"","ast-featured-img":"disabled","footer-sml-layout":"","theme-transparent-header-meta":"","adv-header-id-meta":"","stick-header-meta":"","header-above-stick-meta":"","header-main-stick-meta":"","header-below-stick-meta":"","astra-migrate-meta-layouts":"set","ast-page-background-enabled":"default","ast-page-background-meta":{"desktop":{"background-color":"var(--ast-global-color-4)","background-image":"","background-repeat":"repeat","background-position":"center center","background-size":"auto","background-attachment":"scroll","background-type":"","background-media":"","overlay-type":"","overlay-color":"","overlay-opacity":"","overlay-gradient":""},"tablet":{"background-color":"","background-image":"","background-repeat":"repeat","background-position":"center center","background-size":"auto","background-attachment":"scroll","background-type":"","background-media":"","overlay-type":"","overlay-color":"","overlay-opacity":"","overlay-gradient":""},"mobile":{"background-color":"","background-image":"","background-repeat":"repeat","background-position":"center center","background-size":"auto","background-attachment":"scroll","background-type":"","background-media":"","overlay-type":"","overlay-color":"","overlay-opacity":"","overlay-gradient":""}},"ast-content-background-meta":{"desktop":{"background-color":"var(--ast-global-color-5)","background-image":"","background-repeat":"repeat","background-position":"center center","background-size":"auto","background-attachment":"scroll","background-type":"","background-media":"","overlay-type":"","overlay-color":"","overlay-opacity":"","overlay-gradient":""},"tablet":{"background-color":"var(--ast-global-color-5)","background-image":"","background-repeat":"repeat","background-position":"center center","background-size":"auto","background-attachment":"scroll","background-type":"","background-media":"","overlay-type":"","overlay-color":"","overlay-opacity":"","overlay-gradient":""},"mobile":{"background-color":"var(--ast-global-color-5)","background-image":"","background-repeat":"repeat","background-position":"center center","background-size":"auto","background-attachment":"scroll","background-type":"","background-media":"","overlay-type":"","overlay-color":"","overlay-opacity":"","overlay-gradient":""}},"footnotes":""},"class_list":["post-1880","page","type-page","status-publish","hentry"],"_links":{"self":[{"href":"https:\/\/montrealmodelketaminetherapy.com\/fr\/wp-json\/wp\/v2\/pages\/1880","targetHints":{"allow":["GET"]}}],"collection":[{"href":"https:\/\/montrealmodelketaminetherapy.com\/fr\/wp-json\/wp\/v2\/pages"}],"about":[{"href":"https:\/\/montrealmodelketaminetherapy.com\/fr\/wp-json\/wp\/v2\/types\/page"}],"author":[{"embeddable":true,"href":"https:\/\/montrealmodelketaminetherapy.com\/fr\/wp-json\/wp\/v2\/users\/1"}],"replies":[{"embeddable":true,"href":"https:\/\/montrealmodelketaminetherapy.com\/fr\/wp-json\/wp\/v2\/comments?post=1880"}],"version-history":[{"count":79,"href":"https:\/\/montrealmodelketaminetherapy.com\/fr\/wp-json\/wp\/v2\/pages\/1880\/revisions"}],"predecessor-version":[{"id":2300,"href":"https:\/\/montrealmodelketaminetherapy.com\/fr\/wp-json\/wp\/v2\/pages\/1880\/revisions\/2300"}],"wp:attachment":[{"href":"https:\/\/montrealmodelketaminetherapy.com\/fr\/wp-json\/wp\/v2\/media?parent=1880"}],"curies":[{"name":"wp","href":"https:\/\/api.w.org\/{rel}","templated":true}]}}