{"id":1318,"date":"2025-05-15T20:40:36","date_gmt":"2025-05-15T20:40:36","guid":{"rendered":"https:\/\/lightgreen-wolverine-597643.hostingersite.com\/home\/"},"modified":"2025-06-26T16:04:01","modified_gmt":"2025-06-26T16:04:01","slug":"home","status":"publish","type":"page","link":"https:\/\/montrealmodelketaminetherapy.com\/fr\/","title":{"rendered":"Page d'Accueil"},"content":{"rendered":"<div data-elementor-type=\"wp-page\" data-elementor-id=\"1318\" class=\"elementor elementor-1318\">\n\t\t\t\t<div class=\"elementor-element elementor-element-8855179 e-flex e-con-boxed e-con e-parent\" data-id=\"8855179\" data-element_type=\"container\">\n\t\t\t\t\t<div class=\"e-con-inner\">\n\t\t\t\t<div class=\"elementor-element elementor-element-f5b6b39 elementor-hidden-desktop elementor-hidden-tablet elementor-widget elementor-widget-image\" data-id=\"f5b6b39\" data-element_type=\"widget\" data-widget_type=\"image.default\">\n\t\t\t\t<div class=\"elementor-widget-container\">\n\t\t\t\t\t\t\t\t\t\t\t\t\t\t\t<img fetchpriority=\"high\" decoding=\"async\" width=\"910\" height=\"1024\" src=\"https:\/\/montrealmodelketaminetherapy.com\/wp-content\/uploads\/2025\/06\/Screen-Shot-2025-06-11-at-9.42.43-PM.png\" class=\"attachment-large size-large wp-image-2386\" alt=\"\" srcset=\"https:\/\/montrealmodelketaminetherapy.com\/wp-content\/uploads\/2025\/06\/Screen-Shot-2025-06-11-at-9.42.43-PM.png 1240w, https:\/\/montrealmodelketaminetherapy.com\/wp-content\/uploads\/2025\/06\/Screen-Shot-2025-06-11-at-9.42.43-PM-266x300.png 266w\" sizes=\"(max-width: 910px) 100vw, 910px\" \/>\t\t\t\t\t\t\t\t\t\t\t\t\t\t\t<\/div>\n\t\t\t\t<\/div>\n\t\t\t\t\t<\/div>\n\t\t\t\t<\/div>\n\t\t<div class=\"elementor-element elementor-element-9e1a3b7 e-flex e-con-boxed e-con e-parent\" data-id=\"9e1a3b7\" data-element_type=\"container\" data-settings=\"{&quot;background_background&quot;:&quot;classic&quot;}\">\n\t\t\t\t\t<div class=\"e-con-inner\">\n\t\t<div class=\"elementor-element elementor-element-3bdc326 e-con-full elementor-hidden-mobile e-flex e-con e-child\" data-id=\"3bdc326\" data-element_type=\"container\" data-settings=\"{&quot;background_background&quot;:&quot;classic&quot;}\">\n\t\t<div class=\"elementor-element elementor-element-8f73ee5 e-con-full e-flex e-con e-child\" data-id=\"8f73ee5\" data-element_type=\"container\">\n\t\t\t\t<div class=\"elementor-element elementor-element-b6e004b elementor-widget elementor-widget-image\" data-id=\"b6e004b\" data-element_type=\"widget\" data-widget_type=\"image.default\">\n\t\t\t\t<div class=\"elementor-widget-container\">\n\t\t\t\t\t\t\t\t\t\t\t\t\t\t\t<img decoding=\"async\" width=\"1024\" height=\"301\" src=\"https:\/\/montrealmodelketaminetherapy.com\/wp-content\/uploads\/2025\/05\/Screen-Shot-2025-05-27-at-7.58.07-PM-1024x301.png\" class=\"attachment-large size-large wp-image-1945\" alt=\"\" srcset=\"https:\/\/montrealmodelketaminetherapy.com\/wp-content\/uploads\/2025\/05\/Screen-Shot-2025-05-27-at-7.58.07-PM-1024x301.png 1024w, https:\/\/montrealmodelketaminetherapy.com\/wp-content\/uploads\/2025\/05\/Screen-Shot-2025-05-27-at-7.58.07-PM-300x88.png 300w, https:\/\/montrealmodelketaminetherapy.com\/wp-content\/uploads\/2025\/05\/Screen-Shot-2025-05-27-at-7.58.07-PM-768x226.png 768w, https:\/\/montrealmodelketaminetherapy.com\/wp-content\/uploads\/2025\/05\/Screen-Shot-2025-05-27-at-7.58.07-PM-1536x451.png 1536w, https:\/\/montrealmodelketaminetherapy.com\/wp-content\/uploads\/2025\/05\/Screen-Shot-2025-05-27-at-7.58.07-PM-2048x602.png 2048w\" sizes=\"(max-width: 1024px) 100vw, 1024px\" \/>\t\t\t\t\t\t\t\t\t\t\t\t\t\t\t<\/div>\n\t\t\t\t<\/div>\n\t\t\t\t<\/div>\n\t\t<div class=\"elementor-element elementor-element-49ef762 e-con-full e-flex e-con e-child\" data-id=\"49ef762\" data-element_type=\"container\">\n\t\t\t\t<div class=\"elementor-element elementor-element-1cff435 elementor-widget elementor-widget-image\" data-id=\"1cff435\" data-element_type=\"widget\" data-widget_type=\"image.default\">\n\t\t\t\t<div class=\"elementor-widget-container\">\n\t\t\t\t\t\t\t\t\t\t\t\t\t\t\t<img decoding=\"async\" width=\"592\" height=\"358\" src=\"https:\/\/montrealmodelketaminetherapy.com\/wp-content\/uploads\/2025\/05\/MMlogo.png\" class=\"attachment-large size-large wp-image-1711\" alt=\"\" srcset=\"https:\/\/montrealmodelketaminetherapy.com\/wp-content\/uploads\/2025\/05\/MMlogo.png 592w, https:\/\/montrealmodelketaminetherapy.com\/wp-content\/uploads\/2025\/05\/MMlogo-300x181.png 300w\" sizes=\"(max-width: 592px) 100vw, 592px\" \/>\t\t\t\t\t\t\t\t\t\t\t\t\t\t\t<\/div>\n\t\t\t\t<\/div>\n\t\t\t\t<\/div>\n\t\t\t\t<\/div>\n\t\t<div class=\"elementor-element elementor-element-ead3ad4 e-con-full e-flex e-con e-child\" data-id=\"ead3ad4\" data-element_type=\"container\" data-settings=\"{&quot;background_background&quot;:&quot;classic&quot;}\">\n\t\t\t\t<div class=\"elementor-element elementor-element-c17b49f elementor-widget__width-initial elementor-widget elementor-widget-text-editor\" data-id=\"c17b49f\" data-element_type=\"widget\" data-widget_type=\"text-editor.default\">\n\t\t\t\t<div class=\"elementor-widget-container\">\n\t\t\t\t\t\t\t\t\t<p>Le Mod\u00e8le de Montr\u00e9al est un cadre hybride biom\u00e9dical-psych\u00e9d\u00e9lique pour l'administration de k\u00e9tamine associ\u00e9e \u00e0 un soutien psychologique. Il s'agit de l'une des premi\u00e8res interventions psych\u00e9d\u00e9liques structur\u00e9es \u00e0 utiliser la k\u00e9tamine et \u00e0 \u00eatre valid\u00e9e par des \u00e9tudes cliniques.<\/p>\t\t\t\t\t\t\t\t<\/div>\n\t\t\t\t<\/div>\n\t\t\t\t<div class=\"elementor-element elementor-element-d249d15 elementor-align-center elementor-widget elementor-widget-button\" data-id=\"d249d15\" data-element_type=\"widget\" data-widget_type=\"button.default\">\n\t\t\t\t<div class=\"elementor-widget-container\">\n\t\t\t\t\t\t\t\t\t<div class=\"elementor-button-wrapper\">\n\t\t\t\t\t<a class=\"elementor-button elementor-button-link elementor-size-sm\" href=\"#ketamine-therapy\">\n\t\t\t\t\t\t<span class=\"elementor-button-content-wrapper\">\n\t\t\t\t\t\t\t\t\t<span class=\"elementor-button-text\">En savoir plus<\/span>\n\t\t\t\t\t<\/span>\n\t\t\t\t\t<\/a>\n\t\t\t\t<\/div>\n\t\t\t\t\t\t\t\t<\/div>\n\t\t\t\t<\/div>\n\t\t\t\t<\/div>\n\t\t\t\t\t<\/div>\n\t\t\t\t<\/div>\n\t\t<div class=\"elementor-element elementor-element-7e10ac0 e-flex e-con-boxed e-con e-parent\" data-id=\"7e10ac0\" data-element_type=\"container\" data-settings=\"{&quot;background_background&quot;:&quot;classic&quot;}\">\n\t\t\t\t\t<div class=\"e-con-inner\">\n\t\t\t\t<div class=\"elementor-element elementor-element-9f9431c elementor-widget elementor-widget-menu-anchor\" data-id=\"9f9431c\" data-element_type=\"widget\" data-widget_type=\"menu-anchor.default\">\n\t\t\t\t<div class=\"elementor-widget-container\">\n\t\t\t\t\t\t\t<div class=\"elementor-menu-anchor\" id=\"ketamine-therapy\"><\/div>\n\t\t\t\t\t\t<\/div>\n\t\t\t\t<\/div>\n\t\t<div class=\"elementor-element elementor-element-353df83 e-con-full e-flex e-con e-child\" data-id=\"353df83\" data-element_type=\"container\">\n\t\t\t\t<div class=\"elementor-element elementor-element-ddec8f1 elementor-widget elementor-widget-heading\" data-id=\"ddec8f1\" data-element_type=\"widget\" data-widget_type=\"heading.default\">\n\t\t\t\t<div class=\"elementor-widget-container\">\n\t\t\t\t\t<h2 class=\"elementor-heading-title elementor-size-default\">Th\u00e9rapie par K\u00e9tamine<\/h2>\t\t\t\t<\/div>\n\t\t\t\t<\/div>\n\t\t\t\t<\/div>\n\t\t<div class=\"elementor-element elementor-element-3d11056 e-con-full e-flex e-con e-child\" data-id=\"3d11056\" data-element_type=\"container\" data-settings=\"{&quot;background_background&quot;:&quot;classic&quot;}\">\n\t\t\t\t<div class=\"elementor-element elementor-element-5e988d6 elementor-widget__width-initial elementor-widget elementor-widget-text-editor\" data-id=\"5e988d6\" data-element_type=\"widget\" data-widget_type=\"text-editor.default\">\n\t\t\t\t<div class=\"elementor-widget-container\">\n\t\t\t\t\t\t\t\t\t<p>La k\u00e9tamine \u00e0 faible dose est l\u2019un des nouveaux traitements les plus prometteurs de la d\u00e9pression r\u00e9fractaire \u2013 de nombreuses \u00e9tudes scientifiques ont d\u00e9montr\u00e9 qu\u2019elle peut rapidement produire des effets antid\u00e9presseurs \u00e9gaux ou sup\u00e9rieurs \u00e0 toute intervention psychiatrique.\u00a0<\/p><p>\u00a0<\/p><p>Le principal inconv\u00e9nient de la k\u00e9tamine est que ses effets b\u00e9n\u00e9fiques sont g\u00e9n\u00e9ralement de courte dur\u00e9e, s'estompant g\u00e9n\u00e9ralement quelques jours apr\u00e8s la prise. De nombreuses strat\u00e9gies visant \u00e0 prolonger ou \u00e0 accro\u00eetre les effets de la k\u00e9tamine ont \u00e9t\u00e9 \u00e9tudi\u00e9es, mais seules deux strat\u00e9gies disposent de preuves solides\u00a0: 1) l'administration de doses multiples de k\u00e9tamine\u00a0; 2) l'association de la k\u00e9tamine \u00e0 un soutien psychologique.<\/p><p>\u00a0<\/p><p class=\"translation-block\">Notre approche de la k\u00e9tamine, appel\u00e9e le <u>Mod\u00e8le de Montr\u00e9al de Th\u00e9rapie par K\u00e9tamine<\/u>, int\u00e8gre ces deux strat\u00e9gies de mani\u00e8re structur\u00e9e, centr\u00e9e sur la personne et fond\u00e9e sur des donn\u00e9es probantes. Initialement d\u00e9velopp\u00e9e \u00e0 l'Universit\u00e9 McGill, elle s'appuie sur de vastes corpus de recherche sur la k\u00e9tamine, la psychoth\u00e9rapie et la psychoth\u00e9rapie assist\u00e9e par psych\u00e9d\u00e9liques.<\/p><p>\u00a0<\/p><p>Depuis 2018, le Mod\u00e8le de Montr\u00e9al a \u00e9t\u00e9 progressivement peaufin\u00e9 \u00e0 partir de milliers de traitements prodigu\u00e9s dans le syst\u00e8me de sant\u00e9 public \u00e0 des patients souffrant de d\u00e9pression r\u00e9sistante aux traitements extr\u00eamement s\u00e9v\u00e8re et de nombreuses autres maladies psychiatriques. Il est maintenant mis en \u0153uvre dans d'autres universit\u00e9s et h\u00f4pitaux du monde entier, qui collaborent \u00e0 la recherche pour l'am\u00e9liorer continuellement.<\/p>\t\t\t\t\t\t\t\t<\/div>\n\t\t\t\t<\/div>\n\t\t\t\t<\/div>\n\t\t\t\t\t<\/div>\n\t\t\t\t<\/div>\n\t\t<div class=\"elementor-element elementor-element-069574a e-flex e-con-boxed e-con e-parent\" data-id=\"069574a\" data-element_type=\"container\">\n\t\t\t\t\t<div class=\"e-con-inner\">\n\t\t<div class=\"elementor-element elementor-element-0d3db64 e-con-full e-flex e-con e-child\" data-id=\"0d3db64\" data-element_type=\"container\">\n\t\t\t\t<div class=\"elementor-element elementor-element-35e319d elementor-widget elementor-widget-heading\" data-id=\"35e319d\" data-element_type=\"widget\" data-widget_type=\"heading.default\">\n\t\t\t\t<div class=\"elementor-widget-container\">\n\t\t\t\t\t<h2 class=\"elementor-heading-title elementor-size-default\">Le Mod\u00e8le de Montr\u00e9al de Th\u00e9rapie par K\u00e9tamine<\/h2>\t\t\t\t<\/div>\n\t\t\t\t<\/div>\n\t\t\t\t<\/div>\n\t\t\t\t<div class=\"elementor-element elementor-element-09313ad elementor-widget-divider--view-line elementor-widget elementor-widget-divider\" data-id=\"09313ad\" data-element_type=\"widget\" data-widget_type=\"divider.default\">\n\t\t\t\t<div class=\"elementor-widget-container\">\n\t\t\t\t\t\t\t<div class=\"elementor-divider\">\n\t\t\t<span class=\"elementor-divider-separator\">\n\t\t\t\t\t\t<\/span>\n\t\t<\/div>\n\t\t\t\t\t\t<\/div>\n\t\t\t\t<\/div>\n\t\t<div class=\"elementor-element elementor-element-762f05d e-con-full e-flex e-con e-child\" data-id=\"762f05d\" data-element_type=\"container\">\n\t\t\t\t<div class=\"elementor-element elementor-element-a594d42 elementor-widget elementor-widget-text-editor\" data-id=\"a594d42\" data-element_type=\"widget\" data-widget_type=\"text-editor.default\">\n\t\t\t\t<div class=\"elementor-widget-container\">\n\t\t\t\t\t\t\t\t\t<p>Les id\u00e9es centrales du Mod\u00e8le de Montr\u00e9al sont les suivantes :<\/p><ul><li>Les effets antid\u00e9presseurs rapides de la k\u00e9tamine, souvent puissants mais temporaires, peuvent servir de fen\u00eatre d'opportunit\u00e9 pour faciliter et acc\u00e9l\u00e9rer la gu\u00e9rison de la d\u00e9pression. Cela n\u00e9cessite des efforts actifs en faveur du r\u00e9tablissement d\u00e8s le d\u00e9but du traitement \u00e0 la k\u00e9tamine.<\/li><\/ul><ul><li>Bien que les effets psychoactifs de la k\u00e9tamine soient souvent compris en termes pathologiques, le Mod\u00e8le de Montr\u00e9al pr\u00e9sente les effets de la k\u00e9tamine comme de puissantes occasions d\u2019apprentissage exp\u00e9rientiel et de croissance psychologique lorsqu\u2019elle est administr\u00e9e dans des contextes favorables et avec un soutien psychologique, tout comme les drogues psych\u00e9d\u00e9liques s\u00e9rotoninergiques.<\/li><\/ul><ul><li>Le traitement de r\u00e9f\u00e9rence de la d\u00e9pression repose sur la combinaison de traitements psychologiques et biologiques. Un \u00e9l\u00e9ment important du Mod\u00e8le de Montr\u00e9al consiste \u00e0 associer la k\u00e9tamine \u00e0 une psychoth\u00e9rapie concomitante pour consolider les connaissances et faciliter le changement.<\/li><\/ul><ul><li>Les corpus de litt\u00e9rature sur la k\u00e9tamine \u2013 \u00ab\u00a0biom\u00e9dicale\u00a0\u00bb et \u00ab\u00a0psych\u00e9d\u00e9lique\u00a0\u00bb \u2013 pr\u00e9sentent chacun leurs forces et leurs faiblesses. L\u2019un des objectifs principaux du Mod\u00e8le de Montr\u00e9al est d\u2019allier la rigueur de la recherche psychiatrique biom\u00e9dicale \u00e0 l\u2019int\u00e9gration humaniste des exp\u00e9riences subjectives du paradigme psych\u00e9d\u00e9lique r\u00e9\u00e9mergent.<\/li><\/ul><div>\u00a0<\/div><div>\u00a0<\/div>\t\t\t\t\t\t\t\t<\/div>\n\t\t\t\t<\/div>\n\t\t\t\t<\/div>\n\t\t\t\t\t<\/div>\n\t\t\t\t<\/div>\n\t\t<div class=\"elementor-element elementor-element-4a2e3cc e-flex e-con-boxed e-con e-parent\" data-id=\"4a2e3cc\" data-element_type=\"container\" data-settings=\"{&quot;background_background&quot;:&quot;classic&quot;}\">\n\t\t\t\t\t<div class=\"e-con-inner\">\n\t\t<div class=\"elementor-element elementor-element-f990f20 e-con-full e-flex e-con e-child\" data-id=\"f990f20\" data-element_type=\"container\" data-settings=\"{&quot;background_background&quot;:&quot;classic&quot;}\">\n\t\t\t\t<div class=\"elementor-element elementor-element-2aa9c76 elementor-widget elementor-widget-text-editor\" data-id=\"2aa9c76\" data-element_type=\"widget\" data-widget_type=\"text-editor.default\">\n\t\t\t\t<div class=\"elementor-widget-container\">\n\t\t\t\t\t\t\t\t\t<p class=\"translation-block\">Nos recherches ont montr\u00e9 que ce mod\u00e8le de th\u00e9rapie \u00e0 la k\u00e9tamine pr\u00e9sente des avantages importants par rapport aux mod\u00e8les de traitement standard qui n'int\u00e8grent pas de soutien psychologique ni ne mettent l'accent sur les changements comportementaux. Lors d'un <a href=\"https:\/\/montrealmodelketaminetherapy.com\/fr\/research-publications\/\" target=\"_self\"><strong>essai clinique r\u00e9cent<\/strong><\/a> men\u00e9 dans deux centres montr\u00e9alais aupr\u00e8s de patients souffrant de d\u00e9pression extr\u00eamement s\u00e9v\u00e8re, le Mod\u00e8le de Montr\u00e9al a entra\u00een\u00e9 d'importantes am\u00e9liorations de la d\u00e9pression, de l'anxi\u00e9t\u00e9 et des tendances suicidaires, comme l'ont constat\u00e9 de nombreuses \u00e9tudes ant\u00e9rieures sur la k\u00e9tamine. De m\u00eame, les traitements ont \u00e9t\u00e9 bien tol\u00e9r\u00e9s\u00a0: tr\u00e8s peu de patients ont arr\u00eat\u00e9 le traitement pr\u00e9matur\u00e9ment et aucun effet ind\u00e9sirable grave n'a \u00e9t\u00e9 observ\u00e9\u00a0; la plupart des effets secondaires \u00e9taient l\u00e9gers et passagers.<\/p><p>\u00a0<\/p><p>Il est important de noter que cette \u00e9tude a r\u00e9v\u00e9l\u00e9 que les bienfaits psychiatriques du Mod\u00e8le de Montr\u00e9al de Th\u00e9rapie par K\u00e9tamine \u00e9taient plus persistants que ceux des \u00e9tudes pr\u00e9c\u00e9dentes sur la k\u00e9tamine, se maintenant pleinement tout au long de la p\u00e9riode de suivi apr\u00e8s la fin du traitement. L'\u00e9tude a \u00e9galement r\u00e9v\u00e9l\u00e9 que la plupart des patients ont rapport\u00e9 des exp\u00e9riences tr\u00e8s significatives avec la k\u00e9tamine, et des donn\u00e9es statistiques solides indiquent que les bienfaits du traitement \u00e9taient li\u00e9s \u00e0 l'exp\u00e9rience des patients plut\u00f4t qu'aux seuls effets biologiques.<\/p>\t\t\t\t\t\t\t\t<\/div>\n\t\t\t\t<\/div>\n\t\t\t\t<\/div>\n\t\t\t\t\t<\/div>\n\t\t\t\t<\/div>\n\t\t\t\t<\/div>","protected":false},"excerpt":{"rendered":"<p>The Montreal Model is a hybrid biomedical-psychedelic framework for administering ketamine paired with psychological support. It is one of the first structured psychedelic interventions to utilize ketamine and be validated by clinical studies. Learn More Ketamine Therapy Low-dose ketamine is one of the most promising new treatments of refractory depression \u2013 many scientific studies have [&hellip;]<\/p>","protected":false},"author":1,"featured_media":0,"parent":0,"menu_order":0,"comment_status":"closed","ping_status":"closed","template":"","meta":{"site-sidebar-layout":"no-sidebar","site-content-layout":"page-builder","ast-site-content-layout":"full-width-container","site-content-style":"unboxed","site-sidebar-style":"unboxed","ast-global-header-display":"","ast-banner-title-visibility":"","ast-main-header-display":"","ast-hfb-above-header-display":"","ast-hfb-below-header-display":"","ast-hfb-mobile-header-display":"","site-post-title":"disabled","ast-breadcrumbs-content":"","ast-featured-img":"disabled","footer-sml-layout":"","theme-transparent-header-meta":"enabled","adv-header-id-meta":"","stick-header-meta":"","header-above-stick-meta":"","header-main-stick-meta":"","header-below-stick-meta":"","astra-migrate-meta-layouts":"set","ast-page-background-enabled":"default","ast-page-background-meta":{"desktop":{"background-color":"var(--ast-global-color-4)","background-image":"","background-repeat":"repeat","background-position":"center center","background-size":"auto","background-attachment":"scroll","background-type":"","background-media":"","overlay-type":"","overlay-color":"","overlay-opacity":"","overlay-gradient":""},"tablet":{"background-color":"","background-image":"","background-repeat":"repeat","background-position":"center center","background-size":"auto","background-attachment":"scroll","background-type":"","background-media":"","overlay-type":"","overlay-color":"","overlay-opacity":"","overlay-gradient":""},"mobile":{"background-color":"","background-image":"","background-repeat":"repeat","background-position":"center center","background-size":"auto","background-attachment":"scroll","background-type":"","background-media":"","overlay-type":"","overlay-color":"","overlay-opacity":"","overlay-gradient":""}},"ast-content-background-meta":{"desktop":{"background-color":"var(--ast-global-color-5)","background-image":"","background-repeat":"repeat","background-position":"center center","background-size":"auto","background-attachment":"scroll","background-type":"","background-media":"","overlay-type":"","overlay-color":"","overlay-opacity":"","overlay-gradient":""},"tablet":{"background-color":"var(--ast-global-color-5)","background-image":"","background-repeat":"repeat","background-position":"center center","background-size":"auto","background-attachment":"scroll","background-type":"","background-media":"","overlay-type":"","overlay-color":"","overlay-opacity":"","overlay-gradient":""},"mobile":{"background-color":"var(--ast-global-color-5)","background-image":"","background-repeat":"repeat","background-position":"center center","background-size":"auto","background-attachment":"scroll","background-type":"","background-media":"","overlay-type":"","overlay-color":"","overlay-opacity":"","overlay-gradient":""}},"footnotes":""},"class_list":["post-1318","page","type-page","status-publish","hentry"],"_links":{"self":[{"href":"https:\/\/montrealmodelketaminetherapy.com\/fr\/wp-json\/wp\/v2\/pages\/1318","targetHints":{"allow":["GET"]}}],"collection":[{"href":"https:\/\/montrealmodelketaminetherapy.com\/fr\/wp-json\/wp\/v2\/pages"}],"about":[{"href":"https:\/\/montrealmodelketaminetherapy.com\/fr\/wp-json\/wp\/v2\/types\/page"}],"author":[{"embeddable":true,"href":"https:\/\/montrealmodelketaminetherapy.com\/fr\/wp-json\/wp\/v2\/users\/1"}],"replies":[{"embeddable":true,"href":"https:\/\/montrealmodelketaminetherapy.com\/fr\/wp-json\/wp\/v2\/comments?post=1318"}],"version-history":[{"count":325,"href":"https:\/\/montrealmodelketaminetherapy.com\/fr\/wp-json\/wp\/v2\/pages\/1318\/revisions"}],"predecessor-version":[{"id":2511,"href":"https:\/\/montrealmodelketaminetherapy.com\/fr\/wp-json\/wp\/v2\/pages\/1318\/revisions\/2511"}],"wp:attachment":[{"href":"https:\/\/montrealmodelketaminetherapy.com\/fr\/wp-json\/wp\/v2\/media?parent=1318"}],"curies":[{"name":"wp","href":"https:\/\/api.w.org\/{rel}","templated":true}]}}